{"id":69,"date":"2014-04-03T17:23:06","date_gmt":"2014-04-03T14:23:06","guid":{"rendered":"http:\/\/www.kymenlaaksonms-yhdistys.fi\/?page_id=69"},"modified":"2026-01-30T18:55:01","modified_gmt":"2026-01-30T16:55:01","slug":"liity-jaseneksi","status":"publish","type":"page","link":"https:\/\/www.neuroky.fi\/?page_id=69","title":{"rendered":"Liity j\u00e4seneksi"},"content":{"rendered":"<h2>Voit liitty\u00e4 yhdistyksen j\u00e4seneksi t\u00e4ytt\u00e4m\u00e4ll\u00e4 s\u00e4hk\u00f6isen lomakkeen <a href=\"https:\/\/neuroliitto.fi\/yhdistykset\/liity-jaseneksi\/\" target=\"_blank\" rel=\"noopener noreferrer\">Neuroliiton www-sivuilla. <\/a><\/h2>\n<p>&nbsp;<\/p>\n<p>Linkist\u00e4 p\u00e4\u00e4set liittym\u00e4\u00e4n joko <strong>potilasj\u00e4seneksi, omaisj\u00e4seneksi, tai kannatusj\u00e4seneksi neuroyhteis\u00f6\u00f6n<\/strong>.<\/p>\n<p>Liittym\u00e4ll\u00e4 j\u00e4seneksi p\u00e4\u00e4set mukaan oman paikallisyhdistyksen toimintaan.<\/p>\n<p>Liittym\u00e4ll\u00e4 j\u00e4seneksi saat rinnallesi koko neuroyhteis\u00f6n tuen, jota voit hy\u00f6dynt\u00e4\u00e4 haluamallasi tavalla.<\/p>\n<p>J\u00e4senmaksu v.2025 on kaikille <strong>20 \u20ac.<\/strong><\/p>\n<p>J\u00e4senmaksua vastaan kaikki j\u00e4senet saavat mm.seitsem\u00e4n kertaa vuodessa ilmestyv\u00e4n Avain-lehden kotiin kannettuna ja voivat osallistua yhdistyksen tukemiin tapahtumiin.<\/p>\n\n\n<p><\/p>\n","protected":false},"excerpt":{"rendered":"<p>Voit liitty\u00e4 yhdistyksen j\u00e4seneksi t\u00e4ytt\u00e4m\u00e4ll\u00e4 s\u00e4hk\u00f6isen lomakkeen Neuroliiton www-sivuilla. &nbsp; Linkist\u00e4 p\u00e4\u00e4set liittym\u00e4\u00e4n joko potilasj\u00e4seneksi, omaisj\u00e4seneksi, tai kannatusj\u00e4seneksi neuroyhteis\u00f6\u00f6n. Liittym\u00e4ll\u00e4 j\u00e4seneksi p\u00e4\u00e4set mukaan oman paikallisyhdistyksen toimintaan. Liittym\u00e4ll\u00e4 j\u00e4seneksi saat rinnallesi koko neuroyhteis\u00f6n tuen, jota voit hy\u00f6dynt\u00e4\u00e4 haluamallasi tavalla. J\u00e4senmaksu v.2025 on kaikille 20 \u20ac. J\u00e4senmaksua vastaan kaikki j\u00e4senet saavat mm.seitsem\u00e4n kertaa vuodessa ilmestyv\u00e4n Avain-lehden kotiin &hellip; <a href=\"https:\/\/www.neuroky.fi\/?page_id=69\" class=\"more-link\">Jatka lukemista <span class=\"screen-reader-text\">Liity j\u00e4seneksi<\/span> <span class=\"meta-nav\">&rarr;<\/span><\/a><\/p>\n","protected":false},"author":31,"featured_media":0,"parent":0,"menu_order":0,"comment_status":"closed","ping_status":"closed","template":"","meta":{"footnotes":""},"class_list":["post-69","page","type-page","status-publish","hentry"],"_links":{"self":[{"href":"https:\/\/www.neuroky.fi\/index.php?rest_route=\/wp\/v2\/pages\/69","targetHints":{"allow":["GET"]}}],"collection":[{"href":"https:\/\/www.neuroky.fi\/index.php?rest_route=\/wp\/v2\/pages"}],"about":[{"href":"https:\/\/www.neuroky.fi\/index.php?rest_route=\/wp\/v2\/types\/page"}],"author":[{"embeddable":true,"href":"https:\/\/www.neuroky.fi\/index.php?rest_route=\/wp\/v2\/users\/31"}],"replies":[{"embeddable":true,"href":"https:\/\/www.neuroky.fi\/index.php?rest_route=%2Fwp%2Fv2%2Fcomments&post=69"}],"version-history":[{"count":33,"href":"https:\/\/www.neuroky.fi\/index.php?rest_route=\/wp\/v2\/pages\/69\/revisions"}],"predecessor-version":[{"id":3712,"href":"https:\/\/www.neuroky.fi\/index.php?rest_route=\/wp\/v2\/pages\/69\/revisions\/3712"}],"wp:attachment":[{"href":"https:\/\/www.neuroky.fi\/index.php?rest_route=%2Fwp%2Fv2%2Fmedia&parent=69"}],"curies":[{"name":"wp","href":"https:\/\/api.w.org\/{rel}","templated":true}]}}