{"id":3121,"date":"2024-01-08T17:10:33","date_gmt":"2024-01-08T15:10:33","guid":{"rendered":"http:\/\/www.neuroky.fi\/?page_id=3121"},"modified":"2026-01-30T18:53:04","modified_gmt":"2026-01-30T16:53:04","slug":"kerhot-v-2024","status":"publish","type":"page","link":"https:\/\/www.neuroky.fi\/?page_id=3121","title":{"rendered":"Kerhot v.2026"},"content":{"rendered":"\n<h1 class=\"wp-block-heading\">Kouvolan kerho 2026<\/h1>\n\n\n\n<p><strong>Porukkatalo, Savonkatu 23, 45100 Kouvola, klo.18-20<\/strong><\/p>\n\n\n\n<p>Yhteyshenkil\u00f6 Sirpa Tasanen puh.050 514 3442<\/p>\n\n\n\n<ul class=\"wp-block-list\">\n<li><\/li>\n\n\n\n<li><\/li>\n<\/ul>\n\n\n\n<h1 class=\"wp-block-heading\">Kotkan kerho 2026<\/h1>\n\n\n\n<p><strong>Kotkan kirjaston Einon kammari<\/strong><br>Yhteyshenkil\u00f6 Hannu Heiskanen puh.050 552 7347<\/p>\n\n\n\n<ul class=\"wp-block-list\">\n<li>to 22.1 klo 13.30 &#8211; 15.30<\/li>\n\n\n\n<li>to 19.2 klo 13.30-15.30<\/li>\n\n\n\n<li>to19.3 klo 13.30 &#8211; 15.30<\/li>\n\n\n\n<li>to 23.4 klo 13.30 &#8211; 15.30<\/li>\n\n\n\n<li>to 21.5 klo 13.30 &#8211; 15.30<\/li>\n<\/ul>\n\n\n\n<p class=\"has-medium-font-size\"><strong>Vertti-kerho Kotka 202<\/strong>6<\/p>\n\n\n\n<p><strong>Kotkan kirjaston Einon kammari klo.17-1<\/strong>9<\/p>\n\n\n\n<p>Yhteyshenkil\u00f6 Hannu Heiskanen puh.050 552 7374 <\/p>\n\n\n\n<p>kotkankerho@gmail.com<\/p>\n\n\n\n<ul class=\"wp-block-list\">\n<li>ti 27.1 klo 17-19<\/li>\n\n\n\n<li>ti 3.3&nbsp; klo 17-19<\/li>\n\n\n\n<li>ti 7.4&nbsp; klo 17-19<\/li>\n\n\n\n<li>ti 5.5 klo 17-19<\/li>\n<\/ul>\n\n\n\n<p><\/p>\n\n\n\n<p class=\"has-medium-font-size\"><strong>Kouvolan Mit\u00e4 Siit\u00e4-ryhm\u00e4<\/strong><\/p>\n\n\n\n<p>Kokoontuu erikseen sovittuina aikoina.<br> Yhteyshenkil\u00f6 Katja Hirvonen 040 734 9358 <\/p>\n\n\n\n<p><\/p>\n","protected":false},"excerpt":{"rendered":"<p>Kouvolan kerho 2026 Porukkatalo, Savonkatu 23, 45100 Kouvola, klo.18-20 Yhteyshenkil\u00f6 Sirpa Tasanen puh.050 514 3442 Kotkan kerho 2026 Kotkan kirjaston Einon kammariYhteyshenkil\u00f6 Hannu Heiskanen puh.050 552 7347 Vertti-kerho Kotka 2026 Kotkan kirjaston Einon kammari klo.17-19 Yhteyshenkil\u00f6 Hannu Heiskanen puh.050 552 7374 kotkankerho@gmail.com Kouvolan Mit\u00e4 Siit\u00e4-ryhm\u00e4 Kokoontuu erikseen sovittuina aikoina. Yhteyshenkil\u00f6 Katja Hirvonen 040 734 9358<\/p>\n","protected":false},"author":31,"featured_media":0,"parent":0,"menu_order":0,"comment_status":"closed","ping_status":"closed","template":"","meta":{"footnotes":""},"class_list":["post-3121","page","type-page","status-publish","hentry"],"_links":{"self":[{"href":"https:\/\/www.neuroky.fi\/index.php?rest_route=\/wp\/v2\/pages\/3121","targetHints":{"allow":["GET"]}}],"collection":[{"href":"https:\/\/www.neuroky.fi\/index.php?rest_route=\/wp\/v2\/pages"}],"about":[{"href":"https:\/\/www.neuroky.fi\/index.php?rest_route=\/wp\/v2\/types\/page"}],"author":[{"embeddable":true,"href":"https:\/\/www.neuroky.fi\/index.php?rest_route=\/wp\/v2\/users\/31"}],"replies":[{"embeddable":true,"href":"https:\/\/www.neuroky.fi\/index.php?rest_route=%2Fwp%2Fv2%2Fcomments&post=3121"}],"version-history":[{"count":22,"href":"https:\/\/www.neuroky.fi\/index.php?rest_route=\/wp\/v2\/pages\/3121\/revisions"}],"predecessor-version":[{"id":3711,"href":"https:\/\/www.neuroky.fi\/index.php?rest_route=\/wp\/v2\/pages\/3121\/revisions\/3711"}],"wp:attachment":[{"href":"https:\/\/www.neuroky.fi\/index.php?rest_route=%2Fwp%2Fv2%2Fmedia&parent=3121"}],"curies":[{"name":"wp","href":"https:\/\/api.w.org\/{rel}","templated":true}]}}