{"id":970,"date":"2016-10-04T16:54:41","date_gmt":"2016-10-04T13:54:41","guid":{"rendered":"http:\/\/www.neuroky.fi\/?page_id=970"},"modified":"2016-10-04T17:03:27","modified_gmt":"2016-10-04T14:03:27","slug":"v-2016","status":"publish","type":"page","link":"http:\/\/www.neuroky.fi\/?page_id=970","title":{"rendered":"v.2016"},"content":{"rendered":"<figure id=\"attachment_991\" aria-describedby=\"caption-attachment-991\" style=\"width: 300px\" class=\"wp-caption alignright\"><a href=\"http:\/\/www.neuroky.fi\/wp-content\/uploads\/WP_20160807_12_08_02_Pro-e1475589064756.jpg\"><img loading=\"lazy\" decoding=\"async\" class=\"wp-image-991 size-medium\" src=\"http:\/\/www.neuroky.fi\/wp-content\/uploads\/WP_20160807_12_08_02_Pro-e1475589064756-300x204.jpg\" alt=\"wp_20160807_12_08_02_pro\" width=\"300\" height=\"204\" srcset=\"http:\/\/www.neuroky.fi\/wp-content\/uploads\/WP_20160807_12_08_02_Pro-e1475589064756-300x204.jpg 300w, http:\/\/www.neuroky.fi\/wp-content\/uploads\/WP_20160807_12_08_02_Pro-e1475589064756-1024x696.jpg 1024w, http:\/\/www.neuroky.fi\/wp-content\/uploads\/WP_20160807_12_08_02_Pro-e1475589064756-768x522.jpg 768w\" sizes=\"auto, (max-width: 300px) 100vw, 300px\" \/><\/a><figcaption id=\"caption-attachment-991\" class=\"wp-caption-text\">Menomatkalla Kaunissareen viihdyttiin vesisateen takia paremmin sis\u00e4tiloissa.<\/figcaption><\/figure>\n<p>Perinteinen ristely tehtiin t\u00e4n\u00e4 kes\u00e4n\u00e4 Kaunissaareen.<\/p>\n<p>&nbsp;<\/p>\n<figure id=\"attachment_982\" aria-describedby=\"caption-attachment-982\" style=\"width: 300px\" class=\"wp-caption aligncenter\"><a href=\"http:\/\/www.neuroky.fi\/wp-content\/uploads\/WP_20160807_15_34_45_Pro3.jpg\"><img loading=\"lazy\" decoding=\"async\" class=\"wp-image-982 size-medium\" src=\"http:\/\/www.neuroky.fi\/wp-content\/uploads\/WP_20160807_15_34_45_Pro3-300x169.jpg\" alt=\"wp_20160807_15_34_45_pro\" width=\"300\" height=\"169\" srcset=\"http:\/\/www.neuroky.fi\/wp-content\/uploads\/WP_20160807_15_34_45_Pro3-300x169.jpg 300w, http:\/\/www.neuroky.fi\/wp-content\/uploads\/WP_20160807_15_34_45_Pro3-1024x577.jpg 1024w\" sizes=\"auto, (max-width: 300px) 100vw, 300px\" \/><\/a><figcaption id=\"caption-attachment-982\" class=\"wp-caption-text\">Kaunissaari taakse j\u00e4\u00e4.<\/figcaption><\/figure>\n<p>&nbsp;<\/p>\n<figure id=\"attachment_974\" aria-describedby=\"caption-attachment-974\" style=\"width: 300px\" class=\"wp-caption alignright\"><a href=\"http:\/\/www.neuroky.fi\/wp-content\/uploads\/WP_20160807_15_35_07_Pro2.jpg\"><img loading=\"lazy\" decoding=\"async\" class=\"wp-image-974 size-medium\" src=\"http:\/\/www.neuroky.fi\/wp-content\/uploads\/WP_20160807_15_35_07_Pro2-300x169.jpg\" alt=\"wp_20160807_15_35_07_pro\" width=\"300\" height=\"169\" srcset=\"http:\/\/www.neuroky.fi\/wp-content\/uploads\/WP_20160807_15_35_07_Pro2-300x169.jpg 300w, http:\/\/www.neuroky.fi\/wp-content\/uploads\/WP_20160807_15_35_07_Pro2-1024x577.jpg 1024w\" sizes=\"auto, (max-width: 300px) 100vw, 300px\" \/><\/a><figcaption id=\"caption-attachment-974\" class=\"wp-caption-text\">Tulomatkalla oli l\u00e4mmin poutailma ja kannella viihdyttiin.<\/figcaption><\/figure>\n<p>&nbsp;<\/p>\n","protected":false},"excerpt":{"rendered":"<p>Perinteinen ristely tehtiin t\u00e4n\u00e4 kes\u00e4n\u00e4 Kaunissaareen. &nbsp; &nbsp; &nbsp;<\/p>\n","protected":false},"author":31,"featured_media":0,"parent":0,"menu_order":0,"comment_status":"closed","ping_status":"closed","template":"","meta":{"footnotes":""},"class_list":["post-970","page","type-page","status-publish","hentry"],"_links":{"self":[{"href":"http:\/\/www.neuroky.fi\/index.php?rest_route=\/wp\/v2\/pages\/970","targetHints":{"allow":["GET"]}}],"collection":[{"href":"http:\/\/www.neuroky.fi\/index.php?rest_route=\/wp\/v2\/pages"}],"about":[{"href":"http:\/\/www.neuroky.fi\/index.php?rest_route=\/wp\/v2\/types\/page"}],"author":[{"embeddable":true,"href":"http:\/\/www.neuroky.fi\/index.php?rest_route=\/wp\/v2\/users\/31"}],"replies":[{"embeddable":true,"href":"http:\/\/www.neuroky.fi\/index.php?rest_route=%2Fwp%2Fv2%2Fcomments&post=970"}],"version-history":[{"count":4,"href":"http:\/\/www.neuroky.fi\/index.php?rest_route=\/wp\/v2\/pages\/970\/revisions"}],"predecessor-version":[{"id":995,"href":"http:\/\/www.neuroky.fi\/index.php?rest_route=\/wp\/v2\/pages\/970\/revisions\/995"}],"wp:attachment":[{"href":"http:\/\/www.neuroky.fi\/index.php?rest_route=%2Fwp%2Fv2%2Fmedia&parent=970"}],"curies":[{"name":"wp","href":"https:\/\/api.w.org\/{rel}","templated":true}]}}