{"id":92,"date":"2014-04-04T11:33:36","date_gmt":"2014-04-04T08:33:36","guid":{"rendered":"http:\/\/www.kymenlaaksonms-yhdistys.fi\/?page_id=92"},"modified":"2026-01-30T18:49:53","modified_gmt":"2026-01-30T16:49:53","slug":"yhteystiedot","status":"publish","type":"page","link":"http:\/\/www.neuroky.fi\/?page_id=92","title":{"rendered":"Yhteystiedot"},"content":{"rendered":"<h4><strong>Puheenjohtaja<\/strong><\/h4>\n<p>Pia-Stina Repo puh.050 3135639<\/p>\n<p>kymenneuropj@gmail.com<\/p>\n<h4><strong>Sihteeri<\/strong><\/h4>\n<p>Sara Kaasalainen puh.040 8616731<\/p>\n<p>kymenneurosiht@gmail.com<\/p>\n<p><strong>Kouvolan kerho<\/strong><\/p>\n<p>Yhteyshenkil\u00f6 Sirpa Tasanen puh.050 5143442<\/p>\n<p>kouvolankerho@gmail.com<\/p>\n<p><strong>Mit\u00e4 Siit\u00e4 ryhm\u00e4 (Kouvola)<\/strong><\/p>\n<p>Yhteyshenkil\u00f6 Katja Hirvonen puh.040 7349358<\/p>\n<p><strong>Kotkan kerho<\/strong><\/p>\n<p>Yhteyshenkil\u00f6 Hannu Heiskanen puh.050 5527347<\/p>\n<p>kotkankerho@gmail.com<\/p>\n<p><strong>Vertti kerho Kotka <\/strong><\/p>\n<p>Yhteyshenkil\u00f6 Hannu Heiskanen puh.050 5527347<\/p>\n<p>(vertaisryhm\u00e4 MS- ja harvinaista neurologista sairautta sairastaville)<\/p>\n<p>vasakotka@gmail.com<\/p>\n","protected":false},"excerpt":{"rendered":"<p>Puheenjohtaja Pia-Stina Repo puh.050 3135639 kymenneuropj@gmail.com Sihteeri Sara Kaasalainen puh.040 8616731 kymenneurosiht@gmail.com Kouvolan kerho Yhteyshenkil\u00f6 Sirpa Tasanen puh.050 5143442 kouvolankerho@gmail.com Mit\u00e4 Siit\u00e4 ryhm\u00e4 (Kouvola) Yhteyshenkil\u00f6 Katja Hirvonen puh.040 7349358 Kotkan kerho Yhteyshenkil\u00f6 Hannu Heiskanen puh.050 5527347 kotkankerho@gmail.com Vertti kerho Kotka Yhteyshenkil\u00f6 Hannu Heiskanen puh.050 5527347 (vertaisryhm\u00e4 MS- ja harvinaista neurologista sairautta sairastaville) vasakotka@gmail.com<\/p>\n","protected":false},"author":31,"featured_media":0,"parent":0,"menu_order":0,"comment_status":"closed","ping_status":"closed","template":"","meta":{"footnotes":""},"class_list":["post-92","page","type-page","status-publish","hentry"],"_links":{"self":[{"href":"http:\/\/www.neuroky.fi\/index.php?rest_route=\/wp\/v2\/pages\/92","targetHints":{"allow":["GET"]}}],"collection":[{"href":"http:\/\/www.neuroky.fi\/index.php?rest_route=\/wp\/v2\/pages"}],"about":[{"href":"http:\/\/www.neuroky.fi\/index.php?rest_route=\/wp\/v2\/types\/page"}],"author":[{"embeddable":true,"href":"http:\/\/www.neuroky.fi\/index.php?rest_route=\/wp\/v2\/users\/31"}],"replies":[{"embeddable":true,"href":"http:\/\/www.neuroky.fi\/index.php?rest_route=%2Fwp%2Fv2%2Fcomments&post=92"}],"version-history":[{"count":31,"href":"http:\/\/www.neuroky.fi\/index.php?rest_route=\/wp\/v2\/pages\/92\/revisions"}],"predecessor-version":[{"id":3709,"href":"http:\/\/www.neuroky.fi\/index.php?rest_route=\/wp\/v2\/pages\/92\/revisions\/3709"}],"wp:attachment":[{"href":"http:\/\/www.neuroky.fi\/index.php?rest_route=%2Fwp%2Fv2%2Fmedia&parent=92"}],"curies":[{"name":"wp","href":"https:\/\/api.w.org\/{rel}","templated":true}]}}