{"id":641,"date":"2015-10-07T13:04:45","date_gmt":"2015-10-07T10:04:45","guid":{"rendered":"http:\/\/www.neuroky.fi\/?page_id=641"},"modified":"2024-01-25T16:51:00","modified_gmt":"2024-01-25T14:51:00","slug":"v-2013","status":"publish","type":"page","link":"http:\/\/www.neuroky.fi\/?page_id=641","title":{"rendered":"v.2013"},"content":{"rendered":"<p>Risteilimme Kotkan Sapokasta Vikla III:lla Strukan suluille Pyht\u00e4\u00e4lle yhdess\u00e4 Etel\u00e4-Karjalan neuroyhdistyksen kanssa.<\/p>\n<p><a href=\"http:\/\/www.neuroky.fi\/wp-content\/uploads\/WP_20130804_023.jpg\" rel=\"noopener\"><img loading=\"lazy\" decoding=\"async\" class=\"alignnone wp-image-642 size-medium\" src=\"http:\/\/www.neuroky.fi\/wp-content\/uploads\/WP_20130804_023-300x169.jpg\" alt=\"WP_20130804_023\" width=\"300\" height=\"169\" srcset=\"http:\/\/www.neuroky.fi\/wp-content\/uploads\/WP_20130804_023-300x169.jpg 300w, http:\/\/www.neuroky.fi\/wp-content\/uploads\/WP_20130804_023-1024x577.jpg 1024w\" sizes=\"auto, (max-width: 300px) 100vw, 300px\" \/><\/a><\/p>\n<div style=\"width: 474px;\" class=\"wp-video\"><video class=\"wp-video-shortcode\" id=\"video-641-1\" width=\"474\" height=\"267\" preload=\"metadata\" controls=\"controls\"><source type=\"video\/mp4\" src=\"http:\/\/www.neuroky.fi\/wp-content\/uploads\/WP_20130804_068.mp4?_=1\" \/><a href=\"http:\/\/www.neuroky.fi\/wp-content\/uploads\/WP_20130804_068.mp4\">http:\/\/www.neuroky.fi\/wp-content\/uploads\/WP_20130804_068.mp4<\/a><\/video><\/div>\n<p>Video, jossa orkesteri ja kapteenimme Kari sulkevat sulkuja.<\/p>\n<p>Kymijoen Pyht\u00e4\u00e4n haarassa sijaitseva Strukan sulku on suomen ainoa merisulku, jossa on k\u00e4sik\u00e4ytt\u00f6iset sulkulaitteet.<\/p>\n<p><a href=\"http:\/\/www.neuroky.fi\/wp-content\/uploads\/WP_20130804_037.jpg\" rel=\"noopener\"><img loading=\"lazy\" decoding=\"async\" class=\"alignnone wp-image-660 size-medium\" src=\"http:\/\/www.neuroky.fi\/wp-content\/uploads\/WP_20130804_037-300x169.jpg\" alt=\"WP_20130804_037\" width=\"300\" height=\"169\" srcset=\"http:\/\/www.neuroky.fi\/wp-content\/uploads\/WP_20130804_037-300x169.jpg 300w, http:\/\/www.neuroky.fi\/wp-content\/uploads\/WP_20130804_037-1024x577.jpg 1024w\" sizes=\"auto, (max-width: 300px) 100vw, 300px\" \/><\/a><\/p>\n<p>&nbsp;<\/p>\n","protected":false},"excerpt":{"rendered":"<p>Risteilimme Kotkan Sapokasta Vikla III:lla Strukan suluille Pyht\u00e4\u00e4lle yhdess\u00e4 Etel\u00e4-Karjalan neuroyhdistyksen kanssa. Video, jossa orkesteri ja kapteenimme Kari sulkevat sulkuja. Kymijoen Pyht\u00e4\u00e4n haarassa sijaitseva Strukan sulku on suomen ainoa merisulku, jossa on k\u00e4sik\u00e4ytt\u00f6iset sulkulaitteet. &nbsp;<\/p>\n","protected":false},"author":31,"featured_media":0,"parent":599,"menu_order":0,"comment_status":"closed","ping_status":"closed","template":"","meta":{"footnotes":""},"class_list":["post-641","page","type-page","status-publish","hentry"],"_links":{"self":[{"href":"http:\/\/www.neuroky.fi\/index.php?rest_route=\/wp\/v2\/pages\/641","targetHints":{"allow":["GET"]}}],"collection":[{"href":"http:\/\/www.neuroky.fi\/index.php?rest_route=\/wp\/v2\/pages"}],"about":[{"href":"http:\/\/www.neuroky.fi\/index.php?rest_route=\/wp\/v2\/types\/page"}],"author":[{"embeddable":true,"href":"http:\/\/www.neuroky.fi\/index.php?rest_route=\/wp\/v2\/users\/31"}],"replies":[{"embeddable":true,"href":"http:\/\/www.neuroky.fi\/index.php?rest_route=%2Fwp%2Fv2%2Fcomments&post=641"}],"version-history":[{"count":13,"href":"http:\/\/www.neuroky.fi\/index.php?rest_route=\/wp\/v2\/pages\/641\/revisions"}],"predecessor-version":[{"id":3224,"href":"http:\/\/www.neuroky.fi\/index.php?rest_route=\/wp\/v2\/pages\/641\/revisions\/3224"}],"up":[{"embeddable":true,"href":"http:\/\/www.neuroky.fi\/index.php?rest_route=\/wp\/v2\/pages\/599"}],"wp:attachment":[{"href":"http:\/\/www.neuroky.fi\/index.php?rest_route=%2Fwp%2Fv2%2Fmedia&parent=641"}],"curies":[{"name":"wp","href":"https:\/\/api.w.org\/{rel}","templated":true}]}}