{"id":593,"date":"2015-10-06T16:24:11","date_gmt":"2015-10-06T13:24:11","guid":{"rendered":"http:\/\/www.neuroky.fi\/?page_id=593"},"modified":"2019-08-22T12:28:01","modified_gmt":"2019-08-22T09:28:01","slug":"v-2014","status":"publish","type":"page","link":"http:\/\/www.neuroky.fi\/?page_id=593","title":{"rendered":"v.2014"},"content":{"rendered":"<p><a href=\"http:\/\/www.neuroky.fi\/wp-content\/uploads\/WP_20140301_006.jpg\" target=\"_blank\" rel=\"noopener noreferrer\"><img loading=\"lazy\" decoding=\"async\" class=\"alignnone wp-image-629 size-medium\" src=\"http:\/\/www.neuroky.fi\/wp-content\/uploads\/WP_20140301_006-300x169.jpg\" alt=\"WP_20140301_006\" width=\"300\" height=\"169\" srcset=\"http:\/\/www.neuroky.fi\/wp-content\/uploads\/WP_20140301_006-300x169.jpg 300w, http:\/\/www.neuroky.fi\/wp-content\/uploads\/WP_20140301_006-1024x577.jpg 1024w\" sizes=\"auto, (max-width: 300px) 100vw, 300px\" \/><\/a><\/p>\n<p>1.3 teimme linja-autoretken Lemin S\u00e4r\u00e4pirtti Kippurasarveen.<\/p>\n<p>Yhdess\u00e4 Etel\u00e4-Karjalan neuroyhdistyksen kanssa nautimme s\u00e4r\u00e4st\u00e4, joka on lampaasta ja perunasta leivinuunissa paistamalla valmistettu perinneruoka. Sen nimi tulee valmistamisessa k\u00e4ytetyst\u00e4 koivupuisesta kaukalosta, s\u00e4r\u00e4st\u00e4.<\/p>\n<p><a href=\"http:\/\/www.neuroky.fi\/wp-content\/uploads\/WP_20140803_023.jpg\" target=\"_blank\" rel=\"noopener noreferrer\"><img loading=\"lazy\" decoding=\"async\" class=\"alignnone wp-image-594 size-medium\" src=\"http:\/\/www.neuroky.fi\/wp-content\/uploads\/WP_20140803_023-300x169.jpg\" alt=\"WP_20140803_023\" width=\"300\" height=\"169\" srcset=\"http:\/\/www.neuroky.fi\/wp-content\/uploads\/WP_20140803_023-300x169.jpg 300w, http:\/\/www.neuroky.fi\/wp-content\/uploads\/WP_20140803_023-1024x577.jpg 1024w\" sizes=\"auto, (max-width: 300px) 100vw, 300px\" \/><\/a><\/p>\n<p>Risteily Kotkan sapokasta Ulko-Tammioon Etel\u00e4-Karjalan neuroyhdistyksen kanssa 3.8.<\/p>\n<p><a href=\"http:\/\/www.neuroky.fi\/wp-content\/uploads\/WP_20140803_021.jpg\" target=\"_blank\" rel=\"noopener noreferrer\"><img loading=\"lazy\" decoding=\"async\" class=\"alignnone wp-image-622 size-medium\" src=\"http:\/\/www.neuroky.fi\/wp-content\/uploads\/WP_20140803_021-300x169.jpg\" alt=\"\" width=\"300\" height=\"169\" srcset=\"http:\/\/www.neuroky.fi\/wp-content\/uploads\/WP_20140803_021-300x169.jpg 300w, http:\/\/www.neuroky.fi\/wp-content\/uploads\/WP_20140803_021-1024x577.jpg 1024w\" sizes=\"auto, (max-width: 300px) 100vw, 300px\" \/><\/a><\/p>\n<p>Ulko-Tammio on it\u00e4isen suomenlahden kansallispuistoon kuuluva luonnonkaunis saari. Mielenkiintoinen paikka saarella on tunneli, jonka kiviaineella on aikanaan t\u00e4ytetty saarten v\u00e4linen salmi.<\/p>\n","protected":false},"excerpt":{"rendered":"<p>1.3 teimme linja-autoretken Lemin S\u00e4r\u00e4pirtti Kippurasarveen. Yhdess\u00e4 Etel\u00e4-Karjalan neuroyhdistyksen kanssa nautimme s\u00e4r\u00e4st\u00e4, joka on lampaasta ja perunasta leivinuunissa paistamalla valmistettu perinneruoka. Sen nimi tulee valmistamisessa k\u00e4ytetyst\u00e4 koivupuisesta kaukalosta, s\u00e4r\u00e4st\u00e4. Risteily Kotkan sapokasta Ulko-Tammioon Etel\u00e4-Karjalan neuroyhdistyksen kanssa 3.8. Ulko-Tammio on it\u00e4isen suomenlahden kansallispuistoon kuuluva luonnonkaunis saari. Mielenkiintoinen paikka saarella on tunneli, jonka kiviaineella on aikanaan t\u00e4ytetty &hellip; <a href=\"http:\/\/www.neuroky.fi\/?page_id=593\" class=\"more-link\">Jatka lukemista <span class=\"screen-reader-text\">v.2014<\/span> <span class=\"meta-nav\">&rarr;<\/span><\/a><\/p>\n","protected":false},"author":31,"featured_media":0,"parent":599,"menu_order":0,"comment_status":"closed","ping_status":"closed","template":"","meta":{"footnotes":""},"class_list":["post-593","page","type-page","status-publish","hentry"],"_links":{"self":[{"href":"http:\/\/www.neuroky.fi\/index.php?rest_route=\/wp\/v2\/pages\/593","targetHints":{"allow":["GET"]}}],"collection":[{"href":"http:\/\/www.neuroky.fi\/index.php?rest_route=\/wp\/v2\/pages"}],"about":[{"href":"http:\/\/www.neuroky.fi\/index.php?rest_route=\/wp\/v2\/types\/page"}],"author":[{"embeddable":true,"href":"http:\/\/www.neuroky.fi\/index.php?rest_route=\/wp\/v2\/users\/31"}],"replies":[{"embeddable":true,"href":"http:\/\/www.neuroky.fi\/index.php?rest_route=%2Fwp%2Fv2%2Fcomments&post=593"}],"version-history":[{"count":17,"href":"http:\/\/www.neuroky.fi\/index.php?rest_route=\/wp\/v2\/pages\/593\/revisions"}],"predecessor-version":[{"id":2023,"href":"http:\/\/www.neuroky.fi\/index.php?rest_route=\/wp\/v2\/pages\/593\/revisions\/2023"}],"up":[{"embeddable":true,"href":"http:\/\/www.neuroky.fi\/index.php?rest_route=\/wp\/v2\/pages\/599"}],"wp:attachment":[{"href":"http:\/\/www.neuroky.fi\/index.php?rest_route=%2Fwp%2Fv2%2Fmedia&parent=593"}],"curies":[{"name":"wp","href":"https:\/\/api.w.org\/{rel}","templated":true}]}}