{"id":58,"date":"2014-04-03T14:55:01","date_gmt":"2014-04-03T11:55:01","guid":{"rendered":"http:\/\/www.kymenlaaksonms-yhdistys.fi\/?page_id=58"},"modified":"2026-03-06T15:18:33","modified_gmt":"2026-03-06T13:18:33","slug":"kymenlaakson-ms-yhdistys-ry","status":"publish","type":"page","link":"http:\/\/www.neuroky.fi\/?page_id=58","title":{"rendered":"Yhdistys"},"content":{"rendered":"\n<figure class=\"wp-block-image\"><img decoding=\"async\" src=\"http:\/\/www.neuroky.fi\/wp-content\/uploads\/Kymenlaakson_neuroyhdistys_rgb.jpg\" alt=\"Kymenlaakso\" class=\"wp-image-201\"\/><\/figure>\n\n\n<p>Kymenlaakson neuroyhdistyksen toimialueena on Hamina, Kotka, Kouvola, Miehikk\u00e4l\u00e4, Pyht\u00e4\u00e4, Virolahti ja Iitti.<br \/><br \/>Yhdistyksen tarkoituksena on toimia yhdyssiteen\u00e4 MS-tautia ja harvinaista neurologista mm.selk\u00e4ydin -ja pikkuaivosairauksia (harnes) sairastaville ja heid\u00e4n omaisilleen, sek\u00e4 muille yhdistyksen toiminnasta kiinnostuneille vertaistuen ja sairauksia koskevan tiedon v\u00e4litt\u00e4miseksi, liikunnan edist\u00e4miseksi sek\u00e4 paikallisvaikuttamisen toteuttamiseksi.<\/p>\n<p><a href=\"http:\/\/www.neuroky.fi\/wp-content\/uploads\/saannot-2025.pdf\" target=\"_blank\" rel=\"noopener noreferrer\">S\u00e4\u00e4nnn\u00f6t: pdf<\/a><\/p>\n<p><a href=\"http:\/\/www.neuroky.fi\/wp-content\/uploads\/toimintasuunnitelma-2026.pdf\" rel=\"noopener noreferrer\">Toimintasuunnitelma v.2026<\/a><\/p>\n<p><a href=\"http:\/\/www.neuroky.fi\/wp-content\/uploads\/toimintakertomus-2024.docx\" target=\"_blank\" rel=\"noopener\">Toimintakertomus v.2024<\/a><\/p>\n<p><a href=\"https:\/\/www.neuroky.fi\/?page_id=1593\">Tietosuojaseloste<\/a><\/p>\n<p>&nbsp;<\/p>\n<p>Yhdistys on yksi Neuroliiton 24 j\u00e4senyhdistyksest\u00e4. Lis\u00e4tietoa Neuroliitosta sek\u00e4 MS-taudista ja harvinaisista neurologisista sairauksista l\u00f6yd\u00e4t Neuroliiton kotisivuilta osoitteesta <a href=\"http:\/\/www.neuroliitto.fi\/\" target=\"_blank\" rel=\"noopener noreferrer\">www.neuroliitto.fi<\/a>.<\/p>\n<p>Yhdistys on Kouvolan <a href=\"https:\/\/www.yhvi.fi\/\" target=\"_blank\" rel=\"noopener\">YHVI:n<\/a>\u00a0ja Kotkan <a href=\"https:\/\/sites.google.com\/site\/etelakymenlaaksonyhdistykset\/sosiaali--ja-terveysyhdistykset\/kotkan-vammaisten-yhteisjaerjestoe-ry-vyt\" target=\"_blank\" rel=\"noopener noreferrer\">VYT:n<\/a> j\u00e4senyhdistys.<\/p>\n<p><strong>S\u00c4\u00c4NN\u00d6LLINEN TOIMINTA <\/strong><\/p>\n<p><strong>Kotkan kerho<\/strong><br \/>Kokoontuu Kotkan kirjastolla (Katariinan kammari).<br \/>Lis\u00e4tietoja yhteyshenkil\u00f6lt\u00e4 p. 050 5527347 tai kotkankerho@gmail.com<\/p>\n<p><strong>Kouvolan kerho<\/strong><br \/>Kokoontuu Porukkatalossa, Savonkatu 23, 45100 Kouvola.<br \/>Lis\u00e4tietoja yhteyshenkil\u00f6lt\u00e4 p. 050 514 3442 tai kouvolankerho@gmail.com<\/p>\n<p><strong>Kouvolan Mit\u00e4Siit\u00e4-ryhm\u00e4\u00a0<\/strong><\/p>\n<p>Ryhm\u00e4 on saanut alkunsa Facebookin kautta ja kokoontumiset ovat yleens\u00e4 sovittuja ryhm\u00e4ss\u00e4 eik\u00e4 mit\u00e4\u00e4n s\u00e4\u00e4nn\u00f6llist\u00e4 tapaamisaikaa ole. Kokoontumiset vaihtelevat ja niist\u00e4kin sovitaan aina erikseen.<\/p>\n<p><strong>Vertti kerho (vertaisryhm\u00e4 MS- ja harvinaista neurologista sairautta sairastaville), Kotka<\/strong><br \/>Kokoontuu Kotkan kirjastolla (Einon kammari).<br \/>Lis\u00e4tietoja yhteyshenkil\u00f6lt\u00e4 p. 050 552 7347 tai vasakotka@gmail.com<\/p>\n<p><strong>MUU TOIMINTA<\/strong><br \/>Mm. p\u00e4iv\u00e4 merell\u00e4 Kotkassa, teatteri-iltoja Kotkassa ja Kouvolassa, karaoke- ja saunailtoja, asiantuntijaluentoja, puurojuhla, pikkujoulut&#8230;<br \/>Pyrimme ottamaan esteett\u00f6myyden huomioon, joihinkin toimintoihin on pieni omavastuu.<br \/><strong>TULE MUKAAN KERTOMAAN TOIVEESI VERTAISTUESTA!<\/strong><\/p>\n<p><strong>TIEDOTUS<\/strong><br \/>\u00b7 J\u00e4senen\u00e4 saat neurologisen aikakauslehden (Neuroliiton Avain- lehti 7 kertaa vuodessa)<\/p>\n<p><strong>Kysy lis\u00e4\u00e4 hoitajalta tai suoraan meilt\u00e4!<\/strong><\/p>","protected":false},"excerpt":{"rendered":"<p>Kymenlaakson neuroyhdistyksen toimialueena on Hamina, Kotka, Kouvola, Miehikk\u00e4l\u00e4, Pyht\u00e4\u00e4, Virolahti ja Iitti. Yhdistyksen tarkoituksena on toimia yhdyssiteen\u00e4 MS-tautia ja harvinaista neurologista mm.selk\u00e4ydin -ja pikkuaivosairauksia (harnes) sairastaville ja heid\u00e4n omaisilleen, sek\u00e4 muille yhdistyksen toiminnasta kiinnostuneille vertaistuen ja sairauksia koskevan tiedon v\u00e4litt\u00e4miseksi, liikunnan edist\u00e4miseksi sek\u00e4 paikallisvaikuttamisen toteuttamiseksi. S\u00e4\u00e4nnn\u00f6t: pdf Toimintasuunnitelma v.2026 Toimintakertomus v.2024 Tietosuojaseloste &nbsp; Yhdistys on &hellip; <a href=\"http:\/\/www.neuroky.fi\/?page_id=58\" class=\"more-link\">Jatka lukemista <span class=\"screen-reader-text\">Yhdistys<\/span> <span class=\"meta-nav\">&rarr;<\/span><\/a><\/p>\n","protected":false},"author":31,"featured_media":0,"parent":0,"menu_order":0,"comment_status":"closed","ping_status":"closed","template":"","meta":{"footnotes":""},"class_list":["post-58","page","type-page","status-publish","hentry"],"_links":{"self":[{"href":"http:\/\/www.neuroky.fi\/index.php?rest_route=\/wp\/v2\/pages\/58","targetHints":{"allow":["GET"]}}],"collection":[{"href":"http:\/\/www.neuroky.fi\/index.php?rest_route=\/wp\/v2\/pages"}],"about":[{"href":"http:\/\/www.neuroky.fi\/index.php?rest_route=\/wp\/v2\/types\/page"}],"author":[{"embeddable":true,"href":"http:\/\/www.neuroky.fi\/index.php?rest_route=\/wp\/v2\/users\/31"}],"replies":[{"embeddable":true,"href":"http:\/\/www.neuroky.fi\/index.php?rest_route=%2Fwp%2Fv2%2Fcomments&post=58"}],"version-history":[{"count":146,"href":"http:\/\/www.neuroky.fi\/index.php?rest_route=\/wp\/v2\/pages\/58\/revisions"}],"predecessor-version":[{"id":3813,"href":"http:\/\/www.neuroky.fi\/index.php?rest_route=\/wp\/v2\/pages\/58\/revisions\/3813"}],"wp:attachment":[{"href":"http:\/\/www.neuroky.fi\/index.php?rest_route=%2Fwp%2Fv2%2Fmedia&parent=58"}],"curies":[{"name":"wp","href":"https:\/\/api.w.org\/{rel}","templated":true}]}}