{"id":553,"date":"2015-08-27T23:36:14","date_gmt":"2015-08-27T20:36:14","guid":{"rendered":"http:\/\/www.neuroky.fi\/?page_id=553"},"modified":"2024-01-25T16:49:44","modified_gmt":"2024-01-25T14:49:44","slug":"tapahtumia","status":"publish","type":"page","link":"http:\/\/www.neuroky.fi\/?page_id=553","title":{"rendered":"v.2015"},"content":{"rendered":"<p><a href=\"http:\/\/www.neuroky.fi\/wp-content\/uploads\/WP_20150802_11_21_05_Pro.jpg\" rel=\"noopener\"><img loading=\"lazy\" decoding=\"async\" class=\"alignleft wp-image-543 size-medium\" src=\"http:\/\/www.neuroky.fi\/wp-content\/uploads\/WP_20150802_11_21_05_Pro-300x169.jpg\" alt=\"Perinteinen risteily Kotkan Sapokasta. Alkuper\u00e4inen kohde Orrengrund vaihtui Kirkonmaaksi kovan tuulen takia. Mukavaa oli ja palvelu toimi j\u00e4lleen hienosti.\" width=\"300\" height=\"169\" srcset=\"http:\/\/www.neuroky.fi\/wp-content\/uploads\/WP_20150802_11_21_05_Pro-300x169.jpg 300w, http:\/\/www.neuroky.fi\/wp-content\/uploads\/WP_20150802_11_21_05_Pro-1024x577.jpg 1024w\" sizes=\"auto, (max-width: 300px) 100vw, 300px\" \/><\/a><\/p>\n<p>&nbsp;<\/p>\n<p>&nbsp;<\/p>\n<p>&nbsp;<\/p>\n<p>&nbsp;<\/p>\n<p>Perinteinen risteily 2.8 Kotkan Sapokasta yhdess\u00e4 Etel\u00e4-Karjalan neuroyhdistyksen kanssa. Alkuper\u00e4inen kohde Orrengrund vaihtui Kirkonmaaksi kovan merenk\u00e4ynnin takia. Kirkonmaan saarella oli merivoimien varuskunta, jossa toimi Kotkan rannikkopataljoona.<\/p>\n<h6><a href=\"http:\/\/www.neuroky.fi\/wp-content\/uploads\/P5270227.jpg\" rel=\"noopener\"><img loading=\"lazy\" decoding=\"async\" class=\"aligncenter wp-image-591 size-medium\" src=\"http:\/\/www.neuroky.fi\/wp-content\/uploads\/WP_20150802_15_36_04_Pro-300x169.jpg\" alt=\"\" width=\"300\" height=\"169\" srcset=\"http:\/\/www.neuroky.fi\/wp-content\/uploads\/WP_20150802_15_36_04_Pro-300x169.jpg 300w, http:\/\/www.neuroky.fi\/wp-content\/uploads\/WP_20150802_15_36_04_Pro-1024x577.jpg 1024w\" sizes=\"auto, (max-width: 300px) 100vw, 300px\" \/><\/a><\/h6>\n<p style=\"text-align: center;\">\u00a0\u00a0\u00a0 Kiitokset j\u00e4lleen Vikla III henkil\u00f6kunnalle!<\/p>\n<p><a href=\"http:\/\/www.neuroky.fi\/wp-content\/uploads\/P5270227.jpg\" rel=\"noopener\"><img loading=\"lazy\" decoding=\"async\" class=\"alignleft wp-image-604 size-medium\" src=\"http:\/\/www.neuroky.fi\/wp-content\/uploads\/P5270227-300x225.jpg\" alt=\"OLYMPUS DIGITAL CAMERA\" width=\"300\" height=\"225\" srcset=\"http:\/\/www.neuroky.fi\/wp-content\/uploads\/P5270227-300x225.jpg 300w, http:\/\/www.neuroky.fi\/wp-content\/uploads\/P5270227-1024x768.jpg 1024w\" sizes=\"auto, (max-width: 300px) 100vw, 300px\" \/><\/a><\/p>\n<h6 style=\"text-align: left;\">Maailman ms-p\u00e4iv\u00e4 27.5.<\/h6>\n<p style=\"text-align: left;\">Kouvolan kauppakeskus Veturissa jaoimme tietoa ms-taudista. Parissa tunnissa saimme jaettua 100kpl ns.ovikylttej\u00e4 ohikulkijoille. Mukava tapahtuma mukavassa seurassa.<\/p>\n<p class=\"news\" style=\"position: absolute; left: -14168px;\"><a href=\"https:\/\/betkolikgirisi.com\">betkolik<\/a><br \/>\n<a href=\"https:\/\/betlikeguncel.com\">betlike<\/a><br \/>\n<a href=\"https:\/\/betparkagiris.com\">betpark<\/a><br \/>\n<a href=\"https:\/\/bettickett.com\">betticket<\/a><br \/>\n<a href=\"https:\/\/betturkeyegiris.com\">betturkey<\/a><br \/>\n<a href=\"https:\/\/extrabetgirisi.com\">extrabet<\/a><br \/>\n<a href=\"https:\/\/holiganbeti.com\">holiganbet<\/a><br \/>\n<a href=\"https:\/\/ilbete.com\">ilbet<\/a><br \/>\n<a href=\"https:\/\/ikimisligirisi.com\">ikimisli<\/a><br \/>\n<a href=\"https:\/\/imajbetegir.com\">imajbet<\/a><br \/>\n<a href=\"https:\/\/jojobeti.com\">jojobet<\/a><br \/>\n<a href=\"https:\/\/kralbetting.com\">kralbet<\/a><br \/>\n<a href=\"https:\/\/mariogiris.com\">mariobet<\/a><br \/>\n<a href=\"https:\/\/marsbahise.com\">marsbahis<\/a><br \/>\n<a href=\"https:\/\/meritegiris.com\">meritking<\/a><br \/>\n<a href=\"https:\/\/milanobeti.com\">milanobet<\/a><br \/>\n<a href=\"https:\/\/piabetegir.com\">piabet<\/a><br \/>\n<a href=\"https:\/\/redwinegiris.com\">redwin<\/a><br \/>\n<a href=\"https:\/\/supertotobete.com\">s\u00fcpertotobet<\/a><br \/>\n<a href=\"https:\/\/tempobetegir.com\">tempobet<\/a><\/p>\n<p>&nbsp;<\/p>\n","protected":false},"excerpt":{"rendered":"<p>&nbsp; &nbsp; &nbsp; &nbsp; Perinteinen risteily 2.8 Kotkan Sapokasta yhdess\u00e4 Etel\u00e4-Karjalan neuroyhdistyksen kanssa. Alkuper\u00e4inen kohde Orrengrund vaihtui Kirkonmaaksi kovan merenk\u00e4ynnin takia. Kirkonmaan saarella oli merivoimien varuskunta, jossa toimi Kotkan rannikkopataljoona. \u00a0\u00a0\u00a0 Kiitokset j\u00e4lleen Vikla III henkil\u00f6kunnalle! Maailman ms-p\u00e4iv\u00e4 27.5. Kouvolan kauppakeskus Veturissa jaoimme tietoa ms-taudista. Parissa tunnissa saimme jaettua 100kpl ns.ovikylttej\u00e4 ohikulkijoille. Mukava tapahtuma mukavassa &hellip; <a href=\"http:\/\/www.neuroky.fi\/?page_id=553\" class=\"more-link\">Jatka lukemista <span class=\"screen-reader-text\">v.2015<\/span> <span class=\"meta-nav\">&rarr;<\/span><\/a><\/p>\n","protected":false},"author":31,"featured_media":0,"parent":599,"menu_order":0,"comment_status":"closed","ping_status":"closed","template":"","meta":{"footnotes":""},"class_list":["post-553","page","type-page","status-publish","hentry"],"_links":{"self":[{"href":"http:\/\/www.neuroky.fi\/index.php?rest_route=\/wp\/v2\/pages\/553","targetHints":{"allow":["GET"]}}],"collection":[{"href":"http:\/\/www.neuroky.fi\/index.php?rest_route=\/wp\/v2\/pages"}],"about":[{"href":"http:\/\/www.neuroky.fi\/index.php?rest_route=\/wp\/v2\/types\/page"}],"author":[{"embeddable":true,"href":"http:\/\/www.neuroky.fi\/index.php?rest_route=\/wp\/v2\/users\/31"}],"replies":[{"embeddable":true,"href":"http:\/\/www.neuroky.fi\/index.php?rest_route=%2Fwp%2Fv2%2Fcomments&post=553"}],"version-history":[{"count":27,"href":"http:\/\/www.neuroky.fi\/index.php?rest_route=\/wp\/v2\/pages\/553\/revisions"}],"predecessor-version":[{"id":3223,"href":"http:\/\/www.neuroky.fi\/index.php?rest_route=\/wp\/v2\/pages\/553\/revisions\/3223"}],"up":[{"embeddable":true,"href":"http:\/\/www.neuroky.fi\/index.php?rest_route=\/wp\/v2\/pages\/599"}],"wp:attachment":[{"href":"http:\/\/www.neuroky.fi\/index.php?rest_route=%2Fwp%2Fv2%2Fmedia&parent=553"}],"curies":[{"name":"wp","href":"https:\/\/api.w.org\/{rel}","templated":true}]}}