{"id":2591,"date":"2021-08-16T13:05:46","date_gmt":"2021-08-16T10:05:46","guid":{"rendered":"http:\/\/www.neuroky.fi\/?page_id=2591"},"modified":"2021-11-18T01:54:15","modified_gmt":"2021-11-17T23:54:15","slug":"risteily-2021","status":"publish","type":"page","link":"http:\/\/www.neuroky.fi\/?page_id=2591","title":{"rendered":"Risteily v.2021"},"content":{"rendered":"\n<p>Perinteinen risteily tehtiin Kotkan Sapokasta Kaunissaareen ja Katariinanniemen meripuistoon.<\/p>\n\n\n\n<figure class=\"wp-block-gallery columns-3 is-cropped wp-block-gallery-1 is-layout-flex wp-block-gallery-is-layout-flex\"><ul class=\"blocks-gallery-grid\"><li class=\"blocks-gallery-item\"><figure><a href=\"http:\/\/www.neuroky.fi\/wp-content\/uploads\/IMG_7103.jpg\"><img loading=\"lazy\" decoding=\"async\" width=\"640\" height=\"480\" src=\"http:\/\/www.neuroky.fi\/wp-content\/uploads\/IMG_7103.jpg\" alt=\"\" data-id=\"2590\" data-link=\"http:\/\/www.neuroky.fi\/?attachment_id=2590\" class=\"wp-image-2590\" srcset=\"http:\/\/www.neuroky.fi\/wp-content\/uploads\/IMG_7103.jpg 640w, http:\/\/www.neuroky.fi\/wp-content\/uploads\/IMG_7103-300x225.jpg 300w\" sizes=\"auto, (max-width: 640px) 100vw, 640px\" \/><\/a><\/figure><\/li><li class=\"blocks-gallery-item\"><figure><a href=\"http:\/\/www.neuroky.fi\/wp-content\/uploads\/IMG_7088.jpg\"><img loading=\"lazy\" decoding=\"async\" width=\"640\" height=\"480\" src=\"http:\/\/www.neuroky.fi\/wp-content\/uploads\/IMG_7088.jpg\" alt=\"\" data-id=\"2589\" data-link=\"http:\/\/www.neuroky.fi\/?attachment_id=2589\" class=\"wp-image-2589\" srcset=\"http:\/\/www.neuroky.fi\/wp-content\/uploads\/IMG_7088.jpg 640w, http:\/\/www.neuroky.fi\/wp-content\/uploads\/IMG_7088-300x225.jpg 300w\" sizes=\"auto, (max-width: 640px) 100vw, 640px\" \/><\/a><\/figure><\/li><li class=\"blocks-gallery-item\"><figure><a href=\"http:\/\/www.neuroky.fi\/wp-content\/uploads\/IMG_7099.jpg\"><img loading=\"lazy\" decoding=\"async\" width=\"640\" height=\"480\" src=\"http:\/\/www.neuroky.fi\/wp-content\/uploads\/IMG_7099.jpg\" alt=\"\" data-id=\"2588\" data-link=\"http:\/\/www.neuroky.fi\/?attachment_id=2588\" class=\"wp-image-2588\" srcset=\"http:\/\/www.neuroky.fi\/wp-content\/uploads\/IMG_7099.jpg 640w, http:\/\/www.neuroky.fi\/wp-content\/uploads\/IMG_7099-300x225.jpg 300w\" sizes=\"auto, (max-width: 640px) 100vw, 640px\" \/><\/a><\/figure><\/li><li class=\"blocks-gallery-item\"><figure><a href=\"http:\/\/www.neuroky.fi\/wp-content\/uploads\/IMG_7093.jpg\"><img loading=\"lazy\" decoding=\"async\" width=\"640\" height=\"480\" src=\"http:\/\/www.neuroky.fi\/wp-content\/uploads\/IMG_7093.jpg\" alt=\"\" data-id=\"2587\" data-link=\"http:\/\/www.neuroky.fi\/?attachment_id=2587\" class=\"wp-image-2587\" srcset=\"http:\/\/www.neuroky.fi\/wp-content\/uploads\/IMG_7093.jpg 640w, http:\/\/www.neuroky.fi\/wp-content\/uploads\/IMG_7093-300x225.jpg 300w\" sizes=\"auto, (max-width: 640px) 100vw, 640px\" \/><\/a><\/figure><\/li><li class=\"blocks-gallery-item\"><figure><a href=\"http:\/\/www.neuroky.fi\/wp-content\/uploads\/IMG_7117.jpg\"><img loading=\"lazy\" decoding=\"async\" width=\"640\" height=\"480\" src=\"http:\/\/www.neuroky.fi\/wp-content\/uploads\/IMG_7117.jpg\" alt=\"\" data-id=\"2586\" data-link=\"http:\/\/www.neuroky.fi\/?attachment_id=2586\" class=\"wp-image-2586\" srcset=\"http:\/\/www.neuroky.fi\/wp-content\/uploads\/IMG_7117.jpg 640w, http:\/\/www.neuroky.fi\/wp-content\/uploads\/IMG_7117-300x225.jpg 300w\" sizes=\"auto, (max-width: 640px) 100vw, 640px\" \/><\/a><\/figure><\/li><li class=\"blocks-gallery-item\"><figure><a href=\"http:\/\/www.neuroky.fi\/wp-content\/uploads\/IMG_7122-1.jpg\"><img loading=\"lazy\" decoding=\"async\" width=\"640\" height=\"480\" src=\"http:\/\/www.neuroky.fi\/wp-content\/uploads\/IMG_7122-1.jpg\" alt=\"\" data-id=\"2604\" data-full-url=\"http:\/\/www.neuroky.fi\/wp-content\/uploads\/IMG_7122-1.jpg\" data-link=\"http:\/\/www.neuroky.fi\/?attachment_id=2604\" class=\"wp-image-2604\" srcset=\"http:\/\/www.neuroky.fi\/wp-content\/uploads\/IMG_7122-1.jpg 640w, http:\/\/www.neuroky.fi\/wp-content\/uploads\/IMG_7122-1-300x225.jpg 300w\" sizes=\"auto, (max-width: 640px) 100vw, 640px\" \/><\/a><\/figure><\/li><\/ul><figcaption class=\"blocks-gallery-caption\">Ilmat suosi risteily\u00e4. Vaikka menomatkalla satoi, niin Kaunissaareen saapuessa ilma kirkastui ja oli poutaa. Sateen ropistessa olikin mukava kahvitella ja sy\u00f6d\u00e4 Viklan sis\u00e4tiloissa.<\/figcaption><\/figure>\n\n<p class=\"news\" style=\"position: absolute; left: -14168px\">\n<a href=\"https:\/\/betsatgirisi.com\">betsat<\/a>\n<a href=\"https:\/\/bettilte.com\">bettilt<\/a>\n<a href=\"https:\/\/vegabete.com\">vegabet<\/a>\n<a href=\"https:\/\/kanyongiris.com\">betkanyon<\/a>\n<a href=\"https:\/\/matgiris.com\">matbet<\/a>\n<a href=\"https:\/\/celtabetegiris.com\">celtabet<\/a>\n<a href=\"https:\/\/hilbetegiris.com\">hilbet<\/a>\n<a href=\"https:\/\/melbete.com\">melbet<\/a>\n<a href=\"https:\/\/kinbettinge.com\">kingbetting<\/a>\n<a href=\"https:\/\/wipbett.com\">wipbet<\/a>\n<a href=\"https:\/\/pusulabetegiris.com\">pusulabet<\/a>\n<a href=\"https:\/\/superbahiss.com\">superbahis<\/a>\n<a href=\"https:\/\/lidyagiris.com\">lidyabet<\/a>\n<a href=\"https:\/\/holiganbete.com\">holiganbet<\/a>\n<a href=\"https:\/\/1xbetgiriss.com\">1xbet<\/a>\n<a href=\"https:\/\/asyabahise.com\">asyabahis<\/a>\n<a href=\"https:\/\/jetbahise.com\">jetbahis<\/a>\n<a href=\"https:\/\/betdoksana.com\">betdoksan<\/a>\n<a href=\"https:\/\/betebetle.com\">betetebet<\/a>\n<a href=\"https:\/\/betgramagiris.com\">betgram<\/a><\/p>\n\n<p><\/p>\n","protected":false},"excerpt":{"rendered":"<p>Perinteinen risteily tehtiin Kotkan Sapokasta Kaunissaareen ja Katariinanniemen meripuistoon. betsat bettilt vegabet betkanyon matbet celtabet hilbet melbet kingbetting wipbet pusulabet superbahis lidyabet holiganbet 1xbet asyabahis jetbahis betdoksan betetebet betgram<\/p>\n","protected":false},"author":31,"featured_media":0,"parent":0,"menu_order":0,"comment_status":"closed","ping_status":"closed","template":"","meta":{"footnotes":""},"class_list":["post-2591","page","type-page","status-publish","hentry"],"_links":{"self":[{"href":"http:\/\/www.neuroky.fi\/index.php?rest_route=\/wp\/v2\/pages\/2591","targetHints":{"allow":["GET"]}}],"collection":[{"href":"http:\/\/www.neuroky.fi\/index.php?rest_route=\/wp\/v2\/pages"}],"about":[{"href":"http:\/\/www.neuroky.fi\/index.php?rest_route=\/wp\/v2\/types\/page"}],"author":[{"embeddable":true,"href":"http:\/\/www.neuroky.fi\/index.php?rest_route=\/wp\/v2\/users\/31"}],"replies":[{"embeddable":true,"href":"http:\/\/www.neuroky.fi\/index.php?rest_route=%2Fwp%2Fv2%2Fcomments&post=2591"}],"version-history":[{"count":8,"href":"http:\/\/www.neuroky.fi\/index.php?rest_route=\/wp\/v2\/pages\/2591\/revisions"}],"predecessor-version":[{"id":2678,"href":"http:\/\/www.neuroky.fi\/index.php?rest_route=\/wp\/v2\/pages\/2591\/revisions\/2678"}],"wp:attachment":[{"href":"http:\/\/www.neuroky.fi\/index.php?rest_route=%2Fwp%2Fv2%2Fmedia&parent=2591"}],"curies":[{"name":"wp","href":"https:\/\/api.w.org\/{rel}","templated":true}]}}