{"id":2272,"date":"2020-10-30T12:55:21","date_gmt":"2020-10-30T10:55:21","guid":{"rendered":"http:\/\/www.neuroky.fi\/?page_id=2272"},"modified":"2024-01-25T16:43:15","modified_gmt":"2024-01-25T14:43:15","slug":"v-2020","status":"publish","type":"page","link":"http:\/\/www.neuroky.fi\/?page_id=2272","title":{"rendered":"v.2020"},"content":{"rendered":"\n<p>Perinteinen risteilymme suuntautui elokuussa 2020 Kotkan Sapokasta Tammioon.<\/p>\n\n\n\n<figure class=\"wp-block-image size-medium\"><a href=\"http:\/\/www.neuroky.fi\/wp-content\/uploads\/IMG_5068-scaled.jpg\"><img loading=\"lazy\" decoding=\"async\" width=\"300\" height=\"225\" src=\"http:\/\/www.neuroky.fi\/wp-content\/uploads\/IMG_5068-300x225.jpg\" alt=\"\" class=\"wp-image-2267\" srcset=\"http:\/\/www.neuroky.fi\/wp-content\/uploads\/IMG_5068-300x225.jpg 300w, http:\/\/www.neuroky.fi\/wp-content\/uploads\/IMG_5068-1024x768.jpg 1024w, http:\/\/www.neuroky.fi\/wp-content\/uploads\/IMG_5068-768x576.jpg 768w, http:\/\/www.neuroky.fi\/wp-content\/uploads\/IMG_5068-1536x1152.jpg 1536w, http:\/\/www.neuroky.fi\/wp-content\/uploads\/IMG_5068-2048x1536.jpg 2048w\" sizes=\"auto, (max-width: 300px) 100vw, 300px\" \/><\/a><\/figure>\n\n\n\n<figure class=\"wp-block-image size-medium\"><a href=\"http:\/\/www.neuroky.fi\/wp-content\/uploads\/IMG_5029-scaled.jpg\"><img loading=\"lazy\" decoding=\"async\" width=\"300\" height=\"225\" src=\"http:\/\/www.neuroky.fi\/wp-content\/uploads\/IMG_5029-300x225.jpg\" alt=\"\" class=\"wp-image-2281\" srcset=\"http:\/\/www.neuroky.fi\/wp-content\/uploads\/IMG_5029-300x225.jpg 300w, http:\/\/www.neuroky.fi\/wp-content\/uploads\/IMG_5029-1024x768.jpg 1024w, http:\/\/www.neuroky.fi\/wp-content\/uploads\/IMG_5029-768x576.jpg 768w, http:\/\/www.neuroky.fi\/wp-content\/uploads\/IMG_5029-1536x1152.jpg 1536w, http:\/\/www.neuroky.fi\/wp-content\/uploads\/IMG_5029-2048x1536.jpg 2048w\" sizes=\"auto, (max-width: 300px) 100vw, 300px\" \/><\/a><\/figure>\n\n\n\n<figure class=\"wp-block-image size-medium\"><a href=\"http:\/\/www.neuroky.fi\/wp-content\/uploads\/IMG_5042-scaled.jpg\"><img loading=\"lazy\" decoding=\"async\" width=\"300\" height=\"225\" src=\"http:\/\/www.neuroky.fi\/wp-content\/uploads\/IMG_5042-300x225.jpg\" alt=\"\" class=\"wp-image-2264\" srcset=\"http:\/\/www.neuroky.fi\/wp-content\/uploads\/IMG_5042-300x225.jpg 300w, http:\/\/www.neuroky.fi\/wp-content\/uploads\/IMG_5042-1024x768.jpg 1024w, http:\/\/www.neuroky.fi\/wp-content\/uploads\/IMG_5042-768x576.jpg 768w, http:\/\/www.neuroky.fi\/wp-content\/uploads\/IMG_5042-1536x1152.jpg 1536w, http:\/\/www.neuroky.fi\/wp-content\/uploads\/IMG_5042-2048x1536.jpg 2048w\" sizes=\"auto, (max-width: 300px) 100vw, 300px\" \/><\/a><\/figure>\n\n\n\n<p>Kaikille oli kyyti j\u00e4rjestetty ja kuten t\u00e4ss\u00e4, varsin k\u00e4tev\u00e4sti.<\/p>\n\n\n\n<figure class=\"wp-block-image size-medium\"><a href=\"http:\/\/www.neuroky.fi\/wp-content\/uploads\/IMG_5054-scaled.jpg\"><img loading=\"lazy\" decoding=\"async\" width=\"300\" height=\"225\" src=\"http:\/\/www.neuroky.fi\/wp-content\/uploads\/IMG_5054-300x225.jpg\" alt=\"\" class=\"wp-image-2266\" srcset=\"http:\/\/www.neuroky.fi\/wp-content\/uploads\/IMG_5054-300x225.jpg 300w, http:\/\/www.neuroky.fi\/wp-content\/uploads\/IMG_5054-1024x768.jpg 1024w, http:\/\/www.neuroky.fi\/wp-content\/uploads\/IMG_5054-768x576.jpg 768w, http:\/\/www.neuroky.fi\/wp-content\/uploads\/IMG_5054-1536x1152.jpg 1536w, http:\/\/www.neuroky.fi\/wp-content\/uploads\/IMG_5054-2048x1536.jpg 2048w\" sizes=\"auto, (max-width: 300px) 100vw, 300px\" \/><\/a><\/figure>\n\n\n\n<p>Tammion vanhassa kalamajassa sijaitsee saariston el\u00e4m\u00e4\u00e4 esittelev\u00e4 kotiseutumuseo.<\/p>\n\n\n\n<figure class=\"wp-block-image size-medium\"><a href=\"http:\/\/www.neuroky.fi\/wp-content\/uploads\/IMG_5055-scaled.jpg\"><img loading=\"lazy\" decoding=\"async\" width=\"300\" height=\"225\" src=\"http:\/\/www.neuroky.fi\/wp-content\/uploads\/IMG_5055-300x225.jpg\" alt=\"\" class=\"wp-image-2265\" srcset=\"http:\/\/www.neuroky.fi\/wp-content\/uploads\/IMG_5055-300x225.jpg 300w, http:\/\/www.neuroky.fi\/wp-content\/uploads\/IMG_5055-1024x768.jpg 1024w, http:\/\/www.neuroky.fi\/wp-content\/uploads\/IMG_5055-768x576.jpg 768w, http:\/\/www.neuroky.fi\/wp-content\/uploads\/IMG_5055-1536x1152.jpg 1536w, http:\/\/www.neuroky.fi\/wp-content\/uploads\/IMG_5055-2048x1536.jpg 2048w\" sizes=\"auto, (max-width: 300px) 100vw, 300px\" \/><\/a><\/figure>\n\n\n\n<p><\/p>\n","protected":false},"excerpt":{"rendered":"<p>Perinteinen risteilymme suuntautui elokuussa 2020 Kotkan Sapokasta Tammioon. Kaikille oli kyyti j\u00e4rjestetty ja kuten t\u00e4ss\u00e4, varsin k\u00e4tev\u00e4sti. Tammion vanhassa kalamajassa sijaitsee saariston el\u00e4m\u00e4\u00e4 esittelev\u00e4 kotiseutumuseo.<\/p>\n","protected":false},"author":31,"featured_media":0,"parent":0,"menu_order":0,"comment_status":"closed","ping_status":"closed","template":"","meta":{"footnotes":""},"class_list":["post-2272","page","type-page","status-publish","hentry"],"_links":{"self":[{"href":"http:\/\/www.neuroky.fi\/index.php?rest_route=\/wp\/v2\/pages\/2272","targetHints":{"allow":["GET"]}}],"collection":[{"href":"http:\/\/www.neuroky.fi\/index.php?rest_route=\/wp\/v2\/pages"}],"about":[{"href":"http:\/\/www.neuroky.fi\/index.php?rest_route=\/wp\/v2\/types\/page"}],"author":[{"embeddable":true,"href":"http:\/\/www.neuroky.fi\/index.php?rest_route=\/wp\/v2\/users\/31"}],"replies":[{"embeddable":true,"href":"http:\/\/www.neuroky.fi\/index.php?rest_route=%2Fwp%2Fv2%2Fcomments&post=2272"}],"version-history":[{"count":10,"href":"http:\/\/www.neuroky.fi\/index.php?rest_route=\/wp\/v2\/pages\/2272\/revisions"}],"predecessor-version":[{"id":3220,"href":"http:\/\/www.neuroky.fi\/index.php?rest_route=\/wp\/v2\/pages\/2272\/revisions\/3220"}],"wp:attachment":[{"href":"http:\/\/www.neuroky.fi\/index.php?rest_route=%2Fwp%2Fv2%2Fmedia&parent=2272"}],"curies":[{"name":"wp","href":"https:\/\/api.w.org\/{rel}","templated":true}]}}