{"id":1997,"date":"2019-08-19T19:57:43","date_gmt":"2019-08-19T16:57:43","guid":{"rendered":"http:\/\/www.neuroky.fi\/?page_id=1997"},"modified":"2024-01-25T16:44:28","modified_gmt":"2024-01-25T14:44:28","slug":"v-2019","status":"publish","type":"page","link":"http:\/\/www.neuroky.fi\/?page_id=1997","title":{"rendered":"v.2019"},"content":{"rendered":"\n<p><\/p>\n\n\n\n<h3 class=\"wp-block-heading\">Kymenlaakson ja Etel\u00e4-Karjalan Neuroyhdistyksen perinteinen risteily Kotkan saarille suuntautui t\u00e4n\u00e4 vuonna su.4.8 Haapasaareen.<\/h3>\n\n\n\n<figure class=\"wp-block-image size-medium\"><a href=\"http:\/\/www.neuroky.fi\/wp-content\/uploads\/IMG_2488-scaled.jpg\"><img loading=\"lazy\" decoding=\"async\" width=\"300\" height=\"225\" src=\"http:\/\/www.neuroky.fi\/wp-content\/uploads\/IMG_2489-300x225.jpg\" alt=\"\" class=\"wp-image-1995\" srcset=\"http:\/\/www.neuroky.fi\/wp-content\/uploads\/IMG_2489-300x225.jpg 300w, http:\/\/www.neuroky.fi\/wp-content\/uploads\/IMG_2489-768x576.jpg 768w, http:\/\/www.neuroky.fi\/wp-content\/uploads\/IMG_2489-1024x768.jpg 1024w\" sizes=\"auto, (max-width: 300px) 100vw, 300px\" \/><\/a><\/figure>\n\n\n\n<figure class=\"wp-block-image size-medium\"><a href=\"http:\/\/www.neuroky.fi\/wp-content\/uploads\/IMG_2524.jpg\"><img loading=\"lazy\" decoding=\"async\" width=\"300\" height=\"225\" src=\"http:\/\/www.neuroky.fi\/wp-content\/uploads\/IMG_2524-300x225.jpg\" alt=\"\" class=\"wp-image-1992\" srcset=\"http:\/\/www.neuroky.fi\/wp-content\/uploads\/IMG_2524-300x225.jpg 300w, http:\/\/www.neuroky.fi\/wp-content\/uploads\/IMG_2524-768x576.jpg 768w, http:\/\/www.neuroky.fi\/wp-content\/uploads\/IMG_2524-1024x768.jpg 1024w\" sizes=\"auto, (max-width: 300px) 100vw, 300px\" \/><\/a><\/figure>\n\n\n\n<figure class=\"wp-block-image size-medium\"><a href=\"http:\/\/www.neuroky.fi\/wp-content\/uploads\/IMG_2567.jpg\"><img loading=\"lazy\" decoding=\"async\" width=\"300\" height=\"225\" src=\"http:\/\/www.neuroky.fi\/wp-content\/uploads\/IMG_2567-300x225.jpg\" alt=\"\" class=\"wp-image-1994\" srcset=\"http:\/\/www.neuroky.fi\/wp-content\/uploads\/IMG_2567-300x225.jpg 300w, http:\/\/www.neuroky.fi\/wp-content\/uploads\/IMG_2567-768x576.jpg 768w, http:\/\/www.neuroky.fi\/wp-content\/uploads\/IMG_2567-1024x768.jpg 1024w\" sizes=\"auto, (max-width: 300px) 100vw, 300px\" \/><\/a><\/figure>\n\n\n\n<figure class=\"wp-block-image size-medium\"><a href=\"http:\/\/www.neuroky.fi\/wp-content\/uploads\/IMG_2554.jpg\"><img loading=\"lazy\" decoding=\"async\" width=\"300\" height=\"225\" src=\"http:\/\/www.neuroky.fi\/wp-content\/uploads\/IMG_2554-300x225.jpg\" alt=\"\" class=\"wp-image-1993\" srcset=\"http:\/\/www.neuroky.fi\/wp-content\/uploads\/IMG_2554-300x225.jpg 300w, http:\/\/www.neuroky.fi\/wp-content\/uploads\/IMG_2554-768x576.jpg 768w, http:\/\/www.neuroky.fi\/wp-content\/uploads\/IMG_2554-1024x768.jpg 1024w\" sizes=\"auto, (max-width: 300px) 100vw, 300px\" \/><\/a><\/figure>\n\n\n\n<h3 class=\"wp-block-heading\"> Issikkavaellus Vierum\u00e4ell\u00e4 2019 <\/h3>\n\n\n\n<figure class=\"wp-block-image size-medium\"><a href=\"http:\/\/www.neuroky.fi\/wp-content\/uploads\/21631FB9-C3F2-4E42-9542-F41F9AF8D1A3.jpeg\"><img loading=\"lazy\" decoding=\"async\" width=\"300\" height=\"225\" src=\"http:\/\/www.neuroky.fi\/wp-content\/uploads\/21631FB9-C3F2-4E42-9542-F41F9AF8D1A3-300x225.jpeg\" alt=\"\" class=\"wp-image-1910\" srcset=\"http:\/\/www.neuroky.fi\/wp-content\/uploads\/21631FB9-C3F2-4E42-9542-F41F9AF8D1A3-300x225.jpeg 300w, http:\/\/www.neuroky.fi\/wp-content\/uploads\/21631FB9-C3F2-4E42-9542-F41F9AF8D1A3-768x576.jpeg 768w, http:\/\/www.neuroky.fi\/wp-content\/uploads\/21631FB9-C3F2-4E42-9542-F41F9AF8D1A3-1024x768.jpeg 1024w\" sizes=\"auto, (max-width: 300px) 100vw, 300px\" \/><\/a><figcaption class=\"wp-element-caption\"> Vietettiin mukava p\u00e4iv\u00e4 issikkavaelluksella Vierum\u00e4en vaellustalli Toresonissa. <\/figcaption><\/figure>\n\n\n\n<figure class=\"wp-block-image size-medium\"><a href=\"http:\/\/www.neuroky.fi\/wp-content\/uploads\/IMG_1541.jpg\"><img loading=\"lazy\" decoding=\"async\" width=\"225\" height=\"300\" src=\"http:\/\/www.neuroky.fi\/wp-content\/uploads\/IMG_1541-225x300.jpg\" alt=\"\" class=\"wp-image-2063\" srcset=\"http:\/\/www.neuroky.fi\/wp-content\/uploads\/IMG_1541-225x300.jpg 225w, http:\/\/www.neuroky.fi\/wp-content\/uploads\/IMG_1541.jpg 480w\" sizes=\"auto, (max-width: 225px) 100vw, 225px\" \/><\/a><\/figure>\n\n\n\n<h3 class=\"wp-block-heading\">\nMaailman MS-p\u00e4iv\u00e4\u00e4 vietettiin ke.29.5.2019 Kouvolan Veturissa. \n\n<\/h3>\n\n\n\n<figure class=\"wp-block-image size-medium\"><a href=\"http:\/\/www.neuroky.fi\/wp-content\/uploads\/F5A83A4B-37C1-4A85-A67F-4D9E7EF7BE17.jpeg\"><img loading=\"lazy\" decoding=\"async\" width=\"300\" height=\"225\" src=\"http:\/\/www.neuroky.fi\/wp-content\/uploads\/F5A83A4B-37C1-4A85-A67F-4D9E7EF7BE17-300x225.jpeg\" alt=\"\" class=\"wp-image-1932\" srcset=\"http:\/\/www.neuroky.fi\/wp-content\/uploads\/F5A83A4B-37C1-4A85-A67F-4D9E7EF7BE17-300x225.jpeg 300w, http:\/\/www.neuroky.fi\/wp-content\/uploads\/F5A83A4B-37C1-4A85-A67F-4D9E7EF7BE17-768x576.jpeg 768w, http:\/\/www.neuroky.fi\/wp-content\/uploads\/F5A83A4B-37C1-4A85-A67F-4D9E7EF7BE17-1024x768.jpeg 1024w\" sizes=\"auto, (max-width: 300px) 100vw, 300px\" \/><\/a><\/figure>\n\n\n\n<p><\/p>\n\n\n\n<h2 class=\"wp-block-heading\"><\/h2>\n\n\n\n<p><\/p>\n","protected":false},"excerpt":{"rendered":"<p>Kymenlaakson ja Etel\u00e4-Karjalan Neuroyhdistyksen perinteinen risteily Kotkan saarille suuntautui t\u00e4n\u00e4 vuonna su.4.8 Haapasaareen. Issikkavaellus Vierum\u00e4ell\u00e4 2019 Maailman MS-p\u00e4iv\u00e4\u00e4 vietettiin ke.29.5.2019 Kouvolan Veturissa.<\/p>\n","protected":false},"author":31,"featured_media":0,"parent":0,"menu_order":0,"comment_status":"closed","ping_status":"closed","template":"","meta":{"footnotes":""},"class_list":["post-1997","page","type-page","status-publish","hentry"],"_links":{"self":[{"href":"http:\/\/www.neuroky.fi\/index.php?rest_route=\/wp\/v2\/pages\/1997","targetHints":{"allow":["GET"]}}],"collection":[{"href":"http:\/\/www.neuroky.fi\/index.php?rest_route=\/wp\/v2\/pages"}],"about":[{"href":"http:\/\/www.neuroky.fi\/index.php?rest_route=\/wp\/v2\/types\/page"}],"author":[{"embeddable":true,"href":"http:\/\/www.neuroky.fi\/index.php?rest_route=\/wp\/v2\/users\/31"}],"replies":[{"embeddable":true,"href":"http:\/\/www.neuroky.fi\/index.php?rest_route=%2Fwp%2Fv2%2Fcomments&post=1997"}],"version-history":[{"count":13,"href":"http:\/\/www.neuroky.fi\/index.php?rest_route=\/wp\/v2\/pages\/1997\/revisions"}],"predecessor-version":[{"id":3221,"href":"http:\/\/www.neuroky.fi\/index.php?rest_route=\/wp\/v2\/pages\/1997\/revisions\/3221"}],"wp:attachment":[{"href":"http:\/\/www.neuroky.fi\/index.php?rest_route=%2Fwp%2Fv2%2Fmedia&parent=1997"}],"curies":[{"name":"wp","href":"https:\/\/api.w.org\/{rel}","templated":true}]}}