{"id":1662,"date":"2018-08-31T22:31:44","date_gmt":"2018-08-31T19:31:44","guid":{"rendered":"http:\/\/www.neuroky.fi\/?page_id=1662"},"modified":"2018-08-31T22:55:21","modified_gmt":"2018-08-31T19:55:21","slug":"v-2018","status":"publish","type":"page","link":"http:\/\/www.neuroky.fi\/?page_id=1662","title":{"rendered":"v.2018"},"content":{"rendered":"<h3>Kymenlaakson ja Etel\u00e4-Karjalan Neuroyhdistyksen perinteinen risteily Kotkan saarille suuntautui t\u00e4n\u00e4 vuonna 5.8.2018 Kotka Rankkiin ja Kaunissaareen. Ja kuten ennenkin s\u00e4\u00e4 suosi vaikka automatkalla satoikin vett\u00e4.<\/h3>\n<p><img loading=\"lazy\" decoding=\"async\" class=\"alignnone size-medium wp-image-1633\" src=\"http:\/\/www.neuroky.fi\/wp-content\/uploads\/38600561_10215165482343503_4053113534328864768_n-300x225.jpg\" alt=\"\" width=\"300\" height=\"225\" srcset=\"http:\/\/www.neuroky.fi\/wp-content\/uploads\/38600561_10215165482343503_4053113534328864768_n-300x225.jpg 300w, http:\/\/www.neuroky.fi\/wp-content\/uploads\/38600561_10215165482343503_4053113534328864768_n-768x576.jpg 768w, http:\/\/www.neuroky.fi\/wp-content\/uploads\/38600561_10215165482343503_4053113534328864768_n.jpg 960w\" sizes=\"auto, (max-width: 300px) 100vw, 300px\" \/> <img loading=\"lazy\" decoding=\"async\" class=\"alignnone size-medium wp-image-1634\" src=\"http:\/\/www.neuroky.fi\/wp-content\/uploads\/38457922_10215165486983619_4820495427004530688_n-300x225.jpg\" alt=\"\" width=\"300\" height=\"225\" srcset=\"http:\/\/www.neuroky.fi\/wp-content\/uploads\/38457922_10215165486983619_4820495427004530688_n-300x225.jpg 300w, http:\/\/www.neuroky.fi\/wp-content\/uploads\/38457922_10215165486983619_4820495427004530688_n-768x576.jpg 768w, http:\/\/www.neuroky.fi\/wp-content\/uploads\/38457922_10215165486983619_4820495427004530688_n.jpg 960w\" sizes=\"auto, (max-width: 300px) 100vw, 300px\" \/> <img loading=\"lazy\" decoding=\"async\" class=\"alignnone size-medium wp-image-1635\" src=\"http:\/\/www.neuroky.fi\/wp-content\/uploads\/38600870_10215165487383629_3427898211656794112_n-300x225.jpg\" alt=\"\" width=\"300\" height=\"225\" srcset=\"http:\/\/www.neuroky.fi\/wp-content\/uploads\/38600870_10215165487383629_3427898211656794112_n-300x225.jpg 300w, http:\/\/www.neuroky.fi\/wp-content\/uploads\/38600870_10215165487383629_3427898211656794112_n-768x576.jpg 768w, http:\/\/www.neuroky.fi\/wp-content\/uploads\/38600870_10215165487383629_3427898211656794112_n.jpg 960w\" sizes=\"auto, (max-width: 300px) 100vw, 300px\" \/> <img loading=\"lazy\" decoding=\"async\" class=\"alignnone size-medium wp-image-1636\" src=\"http:\/\/www.neuroky.fi\/wp-content\/uploads\/38457930_10215165482783514_5280557033668476928_n-300x225.jpg\" alt=\"\" width=\"300\" height=\"225\" srcset=\"http:\/\/www.neuroky.fi\/wp-content\/uploads\/38457930_10215165482783514_5280557033668476928_n-300x225.jpg 300w, http:\/\/www.neuroky.fi\/wp-content\/uploads\/38457930_10215165482783514_5280557033668476928_n-768x576.jpg 768w, http:\/\/www.neuroky.fi\/wp-content\/uploads\/38457930_10215165482783514_5280557033668476928_n.jpg 960w\" sizes=\"auto, (max-width: 300px) 100vw, 300px\" \/><\/p>\n<h3><\/h3>\n<p>&nbsp;<\/p>\n<h3>Jousiammuntailta j\u00e4rjestettiin toukokuussa Kouvolassa Kymen Jousi ry:n jousiammuntaradalla.<\/h3>\n<p>Kymen Jouselta saatiin varusteet sek\u00e4 hieno kattava opastus jousiammunnan saloihin. Illan aikana taisi k\u00e4yd\u00e4 monelle selv\u00e4ksi, ett\u00e4 jousiammunta on vaativa laji ja &#8221;pient\u00e4 harjoitusta&#8221; j\u00e4i moni viel\u00e4 kaipaamaan.<\/p>\n<p>Onnistumisia kuitenkin tuli, kuten kuvasta n\u00e4kyy. Jousiammuntakipin\u00e4 iski useampaan.<\/p>\n<p>Neuroliiton j\u00e4senj\u00e4rjest\u00f6avustus mahdollisti t\u00e4m\u00e4n tapahtuman ja maittavan lounaan illan kruunuksi.<\/p>\n<p>&nbsp;<\/p>\n<p><img loading=\"lazy\" decoding=\"async\" class=\"alignnone size-medium wp-image-1643\" src=\"http:\/\/www.neuroky.fi\/wp-content\/uploads\/20180525_183753-300x169.jpg\" alt=\"\" width=\"300\" height=\"169\" srcset=\"http:\/\/www.neuroky.fi\/wp-content\/uploads\/20180525_183753-300x169.jpg 300w, http:\/\/www.neuroky.fi\/wp-content\/uploads\/20180525_183753-768x432.jpg 768w, http:\/\/www.neuroky.fi\/wp-content\/uploads\/20180525_183753-1024x576.jpg 1024w\" sizes=\"auto, (max-width: 300px) 100vw, 300px\" \/> <img loading=\"lazy\" decoding=\"async\" class=\"alignnone size-medium wp-image-1653\" src=\"http:\/\/www.neuroky.fi\/wp-content\/uploads\/20180525_190656-300x169.jpg\" alt=\"\" width=\"300\" height=\"169\" srcset=\"http:\/\/www.neuroky.fi\/wp-content\/uploads\/20180525_190656-300x169.jpg 300w, http:\/\/www.neuroky.fi\/wp-content\/uploads\/20180525_190656-768x432.jpg 768w, http:\/\/www.neuroky.fi\/wp-content\/uploads\/20180525_190656-1024x576.jpg 1024w\" sizes=\"auto, (max-width: 300px) 100vw, 300px\" \/> <img loading=\"lazy\" decoding=\"async\" class=\"alignnone size-medium wp-image-1646\" src=\"http:\/\/www.neuroky.fi\/wp-content\/uploads\/20180525_190215-300x169.jpg\" alt=\"\" width=\"300\" height=\"169\" srcset=\"http:\/\/www.neuroky.fi\/wp-content\/uploads\/20180525_190215-300x169.jpg 300w, http:\/\/www.neuroky.fi\/wp-content\/uploads\/20180525_190215-768x432.jpg 768w, http:\/\/www.neuroky.fi\/wp-content\/uploads\/20180525_190215-1024x576.jpg 1024w\" sizes=\"auto, (max-width: 300px) 100vw, 300px\" \/><\/p>\n<p>&nbsp;<\/p>\n<h3>Maailman MS-p\u00e4iv\u00e4n v.2018 viettoa Kouvolan Veturissa.<\/h3>\n<p><img loading=\"lazy\" decoding=\"async\" class=\"alignnone size-full wp-image-1587\" src=\"http:\/\/www.neuroky.fi\/wp-content\/uploads\/FB_IMG_1527701034177.jpg\" alt=\"\" width=\"1080\" height=\"720\" \/><\/p>\n<p>&nbsp;<\/p>\n<h3>KVY:n Yhdistysten tori Kouvolan kaupungintalolla 7.5.2018<\/h3>\n<p><img loading=\"lazy\" decoding=\"async\" class=\"wp-image-1574 size-full\" src=\"http:\/\/www.neuroky.fi\/wp-content\/uploads\/20180507_125949-1.jpg\" alt=\"\" width=\"2268\" height=\"4032\" \/><\/p>\n<p>&nbsp;<\/p>\n","protected":false},"excerpt":{"rendered":"<p>Kymenlaakson ja Etel\u00e4-Karjalan Neuroyhdistyksen perinteinen risteily Kotkan saarille suuntautui t\u00e4n\u00e4 vuonna 5.8.2018 Kotka Rankkiin ja Kaunissaareen. Ja kuten ennenkin s\u00e4\u00e4 suosi vaikka automatkalla satoikin vett\u00e4. &nbsp; Jousiammuntailta j\u00e4rjestettiin toukokuussa Kouvolassa Kymen Jousi ry:n jousiammuntaradalla. Kymen Jouselta saatiin varusteet sek\u00e4 hieno kattava opastus jousiammunnan saloihin. Illan aikana taisi k\u00e4yd\u00e4 monelle selv\u00e4ksi, ett\u00e4 jousiammunta on vaativa laji &hellip; <a href=\"http:\/\/www.neuroky.fi\/?page_id=1662\" class=\"more-link\">Jatka lukemista <span class=\"screen-reader-text\">v.2018<\/span> <span class=\"meta-nav\">&rarr;<\/span><\/a><\/p>\n","protected":false},"author":31,"featured_media":0,"parent":0,"menu_order":0,"comment_status":"closed","ping_status":"closed","template":"","meta":{"footnotes":""},"class_list":["post-1662","page","type-page","status-publish","hentry"],"_links":{"self":[{"href":"http:\/\/www.neuroky.fi\/index.php?rest_route=\/wp\/v2\/pages\/1662","targetHints":{"allow":["GET"]}}],"collection":[{"href":"http:\/\/www.neuroky.fi\/index.php?rest_route=\/wp\/v2\/pages"}],"about":[{"href":"http:\/\/www.neuroky.fi\/index.php?rest_route=\/wp\/v2\/types\/page"}],"author":[{"embeddable":true,"href":"http:\/\/www.neuroky.fi\/index.php?rest_route=\/wp\/v2\/users\/31"}],"replies":[{"embeddable":true,"href":"http:\/\/www.neuroky.fi\/index.php?rest_route=%2Fwp%2Fv2%2Fcomments&post=1662"}],"version-history":[{"count":7,"href":"http:\/\/www.neuroky.fi\/index.php?rest_route=\/wp\/v2\/pages\/1662\/revisions"}],"predecessor-version":[{"id":1674,"href":"http:\/\/www.neuroky.fi\/index.php?rest_route=\/wp\/v2\/pages\/1662\/revisions\/1674"}],"wp:attachment":[{"href":"http:\/\/www.neuroky.fi\/index.php?rest_route=%2Fwp%2Fv2%2Fmedia&parent=1662"}],"curies":[{"name":"wp","href":"https:\/\/api.w.org\/{rel}","templated":true}]}}