{"id":1305,"date":"2018-01-11T16:52:56","date_gmt":"2018-01-11T14:52:56","guid":{"rendered":"http:\/\/www.neuroky.fi\/?page_id=1305"},"modified":"2024-01-25T16:47:06","modified_gmt":"2024-01-25T14:47:06","slug":"v-2017","status":"publish","type":"page","link":"http:\/\/www.neuroky.fi\/?page_id=1305","title":{"rendered":"v.2017"},"content":{"rendered":"<h2>Risteily<\/h2>\n<p>Perinteinen risteilymme Kotkan Sapokasta suuntautui luonnonkauniiseen Ulko-Nuokko saareen Hamininan kaupungin edustalle.<\/p>\n<p>.<a href=\"http:\/\/www.neuroky.fi\/wp-content\/uploads\/WP_20170730_11_59_52_Pro.jpg\" rel=\"noopener noreferrer\"><img loading=\"lazy\" decoding=\"async\" class=\"alignnone wp-image-1295\" title=\"http:\/\/www.neuroky.fi\/wp-content\/uploads\/WP_20170730_11_59_52_Pro.jpg\" src=\"http:\/\/www.neuroky.fi\/wp-content\/uploads\/WP_20170730_11_59_52_Pro-300x169.jpg\" alt=\"\" width=\"300\" height=\"169\" srcset=\"http:\/\/www.neuroky.fi\/wp-content\/uploads\/WP_20170730_11_59_52_Pro-300x169.jpg 300w, http:\/\/www.neuroky.fi\/wp-content\/uploads\/WP_20170730_11_59_52_Pro-768x433.jpg 768w, http:\/\/www.neuroky.fi\/wp-content\/uploads\/WP_20170730_11_59_52_Pro-1024x577.jpg 1024w\" sizes=\"auto, (max-width: 300px) 100vw, 300px\" \/><\/a><\/p>\n<p>Kes\u00e4n harvoja aurinkoisia ja l\u00e4mpimi\u00e4 p\u00e4ivi\u00e4 oli tilattuna juuri risteilyllemme.<\/p>\n<p><a href=\"http:\/\/www.neuroky.fi\/wp-content\/uploads\/WP_20170730_14_26_31_Pro.jpg\" rel=\"noopener noreferrer\"><img loading=\"lazy\" decoding=\"async\" class=\"alignnone wp-image-1292 size-medium\" title=\"http:\/\/www.neuroky.fi\/wp-content\/uploads\/WP_20170730_14_26_31_Pro.jpg\" src=\"http:\/\/www.neuroky.fi\/wp-content\/uploads\/WP_20170730_14_26_31_Pro-300x169.jpg\" alt=\"\" width=\"300\" height=\"169\" srcset=\"http:\/\/www.neuroky.fi\/wp-content\/uploads\/WP_20170730_14_26_31_Pro-300x169.jpg 300w, http:\/\/www.neuroky.fi\/wp-content\/uploads\/WP_20170730_14_26_31_Pro-768x433.jpg 768w, http:\/\/www.neuroky.fi\/wp-content\/uploads\/WP_20170730_14_26_31_Pro-1024x577.jpg 1024w\" sizes=\"auto, (max-width: 300px) 100vw, 300px\" \/><\/a><\/p>\n<p>.<a href=\"http:\/\/www.neuroky.fi\/wp-content\/uploads\/WP_20170730_12_30_56_Pro.jpg\" rel=\"noopener noreferrer\"><img loading=\"lazy\" decoding=\"async\" class=\"alignnone wp-image-1294 size-medium\" title=\"http:\/\/www.neuroky.fi\/wp-content\/uploads\/WP_20170730_12_30_56_Pro.jpg\" src=\"http:\/\/www.neuroky.fi\/wp-content\/uploads\/WP_20170730_12_30_56_Pro-300x169.jpg\" alt=\"\" width=\"300\" height=\"169\" srcset=\"http:\/\/www.neuroky.fi\/wp-content\/uploads\/WP_20170730_12_30_56_Pro-300x169.jpg 300w, http:\/\/www.neuroky.fi\/wp-content\/uploads\/WP_20170730_12_30_56_Pro-768x433.jpg 768w, http:\/\/www.neuroky.fi\/wp-content\/uploads\/WP_20170730_12_30_56_Pro-1024x577.jpg 1024w\" sizes=\"auto, (max-width: 300px) 100vw, 300px\" \/><\/a><\/p>\n<h2>Ratsastusretki<\/h2>\n<p>Teimme Vaellusratsastusretken Vierum\u00e4elle Vaellustalli Toresoniin la.26.8.2017.<\/p>\n<p>26 henkil\u00f6n voimin vietimme mukavan p\u00e4iv\u00e4n islanninhevosten parissa. Ohjelmassa oli 3x8hl\u00f6 45 min. vaellusta sek\u00e4 talutusratsastusta.<\/p>\n<p>Kaikki halukkaat p\u00e4\u00e4siv\u00e4t kokeilemaan hevostelua. Rohkeita suorituksia ja itsens\u00e4ylitt\u00e4mist\u00e4 n\u00e4htiin ja kaikilla oli mukavaa. Taisi jotkut saada ratsastuskipin\u00e4nkin.<\/p>\n<p><a href=\"http:\/\/www.neuroky.fi\/wp-content\/uploads\/WP_20170826_14_07_35_Pro.jpg\" rel=\"noopener noreferrer\"><img loading=\"lazy\" decoding=\"async\" class=\"alignnone wp-image-1219 size-medium\" title=\"http:\/\/www.neuroky.fi\/wp-content\/uploads\/WP_20170826_14_07_35_Pro-300x205.jpg\" src=\"http:\/\/www.neuroky.fi\/wp-content\/uploads\/WP_20170826_14_07_35_Pro-300x205.jpg\" alt=\"\" width=\"300\" height=\"205\" srcset=\"http:\/\/www.neuroky.fi\/wp-content\/uploads\/WP_20170826_14_07_35_Pro-300x205.jpg 300w, http:\/\/www.neuroky.fi\/wp-content\/uploads\/WP_20170826_14_07_35_Pro-768x525.jpg 768w, http:\/\/www.neuroky.fi\/wp-content\/uploads\/WP_20170826_14_07_35_Pro-1024x700.jpg 1024w\" sizes=\"auto, (max-width: 300px) 100vw, 300px\" \/><\/a><\/p>\n<p>Ensimm\u00e4inen ryhm\u00e4 valmiina l\u00e4ht\u00f6\u00f6n.<\/p>\n<p><a href=\"http:\/\/www.neuroky.fi\/wp-content\/uploads\/WP_20170826_14_45_42_Pro.jpg\" rel=\"noopener noreferrer\"><img loading=\"lazy\" decoding=\"async\" class=\"alignnone wp-image-1223 size-medium\" title=\"http:\/\/www.neuroky.fi\/wp-content\/uploads\/WP_20170826_14_45_42_Pro-300x169.jpg\" src=\"http:\/\/www.neuroky.fi\/wp-content\/uploads\/WP_20170826_14_45_42_Pro-300x169.jpg\" alt=\"\" width=\"300\" height=\"169\" srcset=\"http:\/\/www.neuroky.fi\/wp-content\/uploads\/WP_20170826_14_45_42_Pro-300x169.jpg 300w, http:\/\/www.neuroky.fi\/wp-content\/uploads\/WP_20170826_14_45_42_Pro-768x433.jpg 768w, http:\/\/www.neuroky.fi\/wp-content\/uploads\/WP_20170826_14_45_42_Pro-1024x577.jpg 1024w\" sizes=\"auto, (max-width: 300px) 100vw, 300px\" \/><\/a><\/p>\n<p><a href=\"http:\/\/www.neuroky.fi\/wp-content\/uploads\/WP_20170826_14_08_26_Pro.jpg\" rel=\"noopener noreferrer\"><img loading=\"lazy\" decoding=\"async\" class=\"alignnone wp-image-1221 size-medium\" title=\"http:\/\/www.neuroky.fi\/wp-content\/uploads\/WP_20170826_14_08_26_Pro-300x169.jpg\" src=\"http:\/\/www.neuroky.fi\/wp-content\/uploads\/WP_20170826_14_08_26_Pro-300x169.jpg\" alt=\"\" width=\"300\" height=\"169\" srcset=\"http:\/\/www.neuroky.fi\/wp-content\/uploads\/WP_20170826_14_08_26_Pro-300x169.jpg 300w, http:\/\/www.neuroky.fi\/wp-content\/uploads\/WP_20170826_14_08_26_Pro-768x433.jpg 768w, http:\/\/www.neuroky.fi\/wp-content\/uploads\/WP_20170826_14_08_26_Pro-1024x577.jpg 1024w\" sizes=\"auto, (max-width: 300px) 100vw, 300px\" \/><\/a><\/p>\n<p><a href=\"http:\/\/www.neuroky.fi\/wp-content\/uploads\/WP_20170826_14_21_38_Pro.jpg\" rel=\"noopener noreferrer\"><img loading=\"lazy\" decoding=\"async\" class=\"alignnone wp-image-1222 size-medium\" title=\"http:\/\/www.neuroky.fi\/wp-content\/uploads\/WP_20170826_14_21_38_Pro-300x169.jpg\" src=\"http:\/\/www.neuroky.fi\/wp-content\/uploads\/WP_20170826_14_21_38_Pro-300x169.jpg\" alt=\"\" width=\"300\" height=\"169\" srcset=\"http:\/\/www.neuroky.fi\/wp-content\/uploads\/WP_20170826_14_21_38_Pro-300x169.jpg 300w, http:\/\/www.neuroky.fi\/wp-content\/uploads\/WP_20170826_14_21_38_Pro-768x433.jpg 768w, http:\/\/www.neuroky.fi\/wp-content\/uploads\/WP_20170826_14_21_38_Pro-1024x577.jpg 1024w\" sizes=\"auto, (max-width: 300px) 100vw, 300px\" \/><\/a><\/p>\n<p>Rollakin oli vain pikku hidaste.<\/p>\n<p><a href=\"http:\/\/www.neuroky.fi\/wp-content\/uploads\/WP_20170826_14_08_12_Pro.jpg\" rel=\"noopener noreferrer\"><img loading=\"lazy\" decoding=\"async\" class=\"alignnone wp-image-1220 size-medium\" title=\"http:\/\/www.neuroky.fi\/wp-content\/uploads\/WP_20170826_14_08_12_Pro-300x169.jpg\" src=\"http:\/\/www.neuroky.fi\/wp-content\/uploads\/WP_20170826_14_08_12_Pro-300x169.jpg\" alt=\"\" width=\"300\" height=\"169\" srcset=\"http:\/\/www.neuroky.fi\/wp-content\/uploads\/WP_20170826_14_08_12_Pro-300x169.jpg 300w, http:\/\/www.neuroky.fi\/wp-content\/uploads\/WP_20170826_14_08_12_Pro-768x433.jpg 768w, http:\/\/www.neuroky.fi\/wp-content\/uploads\/WP_20170826_14_08_12_Pro-1024x577.jpg 1024w\" sizes=\"auto, (max-width: 300px) 100vw, 300px\" \/><\/a><\/p>\n","protected":false},"excerpt":{"rendered":"<p>Risteily Perinteinen risteilymme Kotkan Sapokasta suuntautui luonnonkauniiseen Ulko-Nuokko saareen Hamininan kaupungin edustalle. . Kes\u00e4n harvoja aurinkoisia ja l\u00e4mpimi\u00e4 p\u00e4ivi\u00e4 oli tilattuna juuri risteilyllemme. . Ratsastusretki Teimme Vaellusratsastusretken Vierum\u00e4elle Vaellustalli Toresoniin la.26.8.2017. 26 henkil\u00f6n voimin vietimme mukavan p\u00e4iv\u00e4n islanninhevosten parissa. Ohjelmassa oli 3x8hl\u00f6 45 min. vaellusta sek\u00e4 talutusratsastusta. Kaikki halukkaat p\u00e4\u00e4siv\u00e4t kokeilemaan hevostelua. Rohkeita suorituksia ja &hellip; <a href=\"http:\/\/www.neuroky.fi\/?page_id=1305\" class=\"more-link\">Jatka lukemista <span class=\"screen-reader-text\">v.2017<\/span> <span class=\"meta-nav\">&rarr;<\/span><\/a><\/p>\n","protected":false},"author":31,"featured_media":0,"parent":0,"menu_order":0,"comment_status":"closed","ping_status":"closed","template":"","meta":{"footnotes":""},"class_list":["post-1305","page","type-page","status-publish","hentry"],"_links":{"self":[{"href":"http:\/\/www.neuroky.fi\/index.php?rest_route=\/wp\/v2\/pages\/1305","targetHints":{"allow":["GET"]}}],"collection":[{"href":"http:\/\/www.neuroky.fi\/index.php?rest_route=\/wp\/v2\/pages"}],"about":[{"href":"http:\/\/www.neuroky.fi\/index.php?rest_route=\/wp\/v2\/types\/page"}],"author":[{"embeddable":true,"href":"http:\/\/www.neuroky.fi\/index.php?rest_route=\/wp\/v2\/users\/31"}],"replies":[{"embeddable":true,"href":"http:\/\/www.neuroky.fi\/index.php?rest_route=%2Fwp%2Fv2%2Fcomments&post=1305"}],"version-history":[{"count":6,"href":"http:\/\/www.neuroky.fi\/index.php?rest_route=\/wp\/v2\/pages\/1305\/revisions"}],"predecessor-version":[{"id":3222,"href":"http:\/\/www.neuroky.fi\/index.php?rest_route=\/wp\/v2\/pages\/1305\/revisions\/3222"}],"wp:attachment":[{"href":"http:\/\/www.neuroky.fi\/index.php?rest_route=%2Fwp%2Fv2%2Fmedia&parent=1305"}],"curies":[{"name":"wp","href":"https:\/\/api.w.org\/{rel}","templated":true}]}}